{"id":1166,"date":"2025-12-11T13:23:16","date_gmt":"2025-12-11T12:23:16","guid":{"rendered":"https:\/\/capponline.net\/w\/turismo-accessibile\/"},"modified":"2025-12-11T14:09:43","modified_gmt":"2025-12-11T13:09:43","slug":"turismo-accessibile","status":"publish","type":"page","link":"https:\/\/capponline.net\/w\/turismo-accessibile\/","title":{"rendered":"Turismo Accessibile"},"content":{"rendered":"<ul class=\"wp-block-latest-posts__list wp-block-latest-posts\"><li><a class=\"wp-block-latest-posts__post-title\" href=\"https:\/\/capponline.net\/w\/giornata-internazionale-delle-persone-con-disabilita\/\">Giornata internazionale delle persone con disabilit\u00e0<\/a><div class=\"wp-block-latest-posts__post-full-content\"><!-- wp:paragraph -->\n<p><\/p>\n<!-- \/wp:paragraph -->\n\n<!-- wp:paragraph -->\n<p>PALERMO &#8211; In occasione\u00a0 della Giornata Internazionale delle Persone con Disabilit\u00e0, la CAPP Cooperativa Sociale rinnova il suo impegno per un turismo realmente accessibile e inclusivo, presentando una brochure dedicata alla valorizzazione dei siti culturali e naturalistici fruibili da tutte e da tutti.<\/p>\n<!-- \/wp:paragraph -->\n\n<!-- wp:paragraph -->\n<p><strong>Cos\u2019\u00e8 il Turismo Accessibile?<\/strong><\/p>\n<!-- \/wp:paragraph -->\n\n<!-- wp:paragraph -->\n<p>\u00c8 la capacit\u00e0 di un territorio di accogliere ogni persona, riconoscendo i bisogni specifici dei viaggiatori e garantendo condizioni di fruibilit\u00e0 senza ostacoli. Significa vivere il viaggio con serenit\u00e0 grazie a informazioni trasparenti, accessibilit\u00e0 digitale, servizi affidabili, personale preparato e un design for all che tutela la dignit\u00e0 delle persone, a prescindere dalle condizioni fisiche, sociali ed economiche.<\/p>\n<!-- \/wp:paragraph -->\n\n<!-- wp:paragraph -->\n<p>Il turismo accessibile valorizza i diritti, promuove una cultura dell\u2019inclusione e genera sviluppo sostenibile, trasformando ogni destinazione in un luogo dove il viaggio \u00e8 possibile, dignitoso e piacevole per tutti.<\/p>\n<!-- \/wp:paragraph -->\n\n<!-- wp:paragraph -->\n<p><\/p>\n<!-- \/wp:paragraph -->\n\n<!-- wp:group {\"layout\":{\"type\":\"constrained\",\"contentSize\":\"60%\"}} -->\n<div class=\"wp-block-group\"><!-- wp:html -->\n<figure class=\"wp-block-video alignright\"><video controls src=\"http:\/\/capponline.net\/w\/wp-content\/uploads\/2025\/12\/251203-turismo_accessibile.mp4\"><\/video><\/figure>\n<!-- \/wp:html --><\/div>\n<!-- \/wp:group -->\n\n<!-- wp:columns -->\n<div class=\"wp-block-columns\"><!-- wp:column {\"width\":\"100%\"} -->\n<div class=\"wp-block-column\" style=\"flex-basis:100%\"><\/div>\n<!-- \/wp:column --><\/div>\n<!-- \/wp:columns -->\n\n<!-- wp:paragraph -->\n<p>La CAPP, gi\u00e0 nel 2004, ha contribuito \u2013 insieme ad enti, istituzioni e associazioni \u2013 alla redazione del Manifesto di Agrigento, documento oggi pienamente coerente con i principi del Summit Mondiale del Turismo Accessibile (Torino, 2025). Dal 2003, attraverso i progetti di Servizio Civile Universale, la cooperativa realizza mappature e percorsi accessibili sui territori di Palermo e Agrigento, coinvolgendo attivamente gli operatori volontari.<\/p>\n<!-- \/wp:paragraph -->\n\n<!-- wp:paragraph -->\n<p>Questa brochure \u00e8 frutto del lavoro degli operatori volontari del Servizio Civile Universale, realizzata con la supervisione del referente del Turismo Accessibile e OLP della CAPP Cooperativa Sociale, Valentina Franzone, in seguito alle attivit\u00e0 progettuali che hanno previsto la mappatura di una selezione di\u00a0 siti turistici della citt\u00e0 di Palermo. La brochure contiene inoltre utili indicazioni e riferimenti a siti web di associazioni, enti e istituzioni che si occupano di turismo accessibile.<\/p>\n<!-- \/wp:paragraph -->\n\n<!-- wp:group {\"style\":{\"spacing\":{\"blockGap\":\"var:preset|spacing|20\",\"padding\":{\"right\":\"0\",\"left\":\"0\"}}},\"layout\":{\"type\":\"constrained\"}} -->\n<div class=\"wp-block-group\" style=\"padding-right:0;padding-left:0\"><!-- wp:paragraph -->\n<p><br>Operatori volontari del Servizio Civile Universale che hanno contribuito alla realizzazione:<br><br><em>Martina Alaimo<br>Aurora Bonanno<br>Serena Bonanno<br>Roberta Karol Conti<br>Alice Farinella<br>Viviana La Venuta<br>Marta Meli<br>Giovanni Meschisi<br>Nausicaa Mineo<br>Vanessa Mogavero<br>Samuele Mutolo<br>Vincenza Rita Scannaliato<br>Piermarco Scivoletto<br>Roberta Span\u00f2<br>Riccardo Tarantino<br>Alessandro Trapani<\/em><\/p>\n<!-- \/wp:paragraph --><\/div>\n<!-- \/wp:group -->\n\n<!-- wp:paragraph -->\n<p><\/p>\n<!-- \/wp:paragraph -->\n\n<!-- wp:image {\"lightbox\":{\"enabled\":false},\"id\":1169,\"width\":\"237px\",\"height\":\"auto\",\"aspectRatio\":\"0.7002378525314306\",\"sizeSlug\":\"large\",\"linkDestination\":\"custom\"} -->\n<figure class=\"wp-block-image size-large is-resized\"><a href=\"https:\/\/capponline.net\/w\/wp-content\/uploads\/2025\/12\/251203-Turismo-Accessibile.pdf\" target=\"_blank\" rel=\" noreferrer noopener\"><img loading=\"lazy\" decoding=\"async\" width=\"717\" height=\"1024\" src=\"https:\/\/capponline.net\/w\/wp-content\/uploads\/2025\/12\/WhatsApp-Image-2025-12-11-at-10.51.00-717x1024.jpeg\" alt=\"\" class=\"wp-image-1169\" style=\"aspect-ratio:0.7002378525314306;width:237px;height:auto\" srcset=\"https:\/\/capponline.net\/w\/wp-content\/uploads\/2025\/12\/WhatsApp-Image-2025-12-11-at-10.51.00-717x1024.jpeg 717w, https:\/\/capponline.net\/w\/wp-content\/uploads\/2025\/12\/WhatsApp-Image-2025-12-11-at-10.51.00-210x300.jpeg 210w, https:\/\/capponline.net\/w\/wp-content\/uploads\/2025\/12\/WhatsApp-Image-2025-12-11-at-10.51.00.jpeg 756w\" sizes=\"auto, (max-width: 717px) 100vw, 717px\" \/><\/a><\/figure>\n<!-- \/wp:image -->\n\n<!-- wp:paragraph -->\n<p><a href=\"https:\/\/capponline.net\/w\/wp-content\/uploads\/2025\/12\/251203-Turismo-Accessibile.pdf\" data-type=\"attachment\" data-id=\"1170\" target=\"_blank\" rel=\"noreferrer noopener\"><strong><em>\u00bb Brochure<\/em><\/strong><\/a><\/p>\n<!-- \/wp:paragraph -->\n\n<!-- wp:paragraph -->\n<p><a href=\"https:\/\/capponline.net\/w\/wp-content\/uploads\/2025\/12\/251203-turismo_accessibile.mp4\" data-type=\"attachment\" data-id=\"1171\" target=\"_blank\" rel=\"noreferrer noopener\"><strong><em>\u00bb Video<\/em><\/strong><\/a><\/p>\n<!-- \/wp:paragraph --><\/div><\/li>\n<\/ul>","protected":false},"excerpt":{"rendered":"","protected":false},"author":1,"featured_media":0,"parent":0,"menu_order":0,"comment_status":"closed","ping_status":"closed","template":"","meta":{"footnotes":""},"class_list":["post-1166","page","type-page","status-publish","hentry"],"_links":{"self":[{"href":"https:\/\/capponline.net\/w\/wp-json\/wp\/v2\/pages\/1166","targetHints":{"allow":["GET"]}}],"collection":[{"href":"https:\/\/capponline.net\/w\/wp-json\/wp\/v2\/pages"}],"about":[{"href":"https:\/\/capponline.net\/w\/wp-json\/wp\/v2\/types\/page"}],"author":[{"embeddable":true,"href":"https:\/\/capponline.net\/w\/wp-json\/wp\/v2\/users\/1"}],"replies":[{"embeddable":true,"href":"https:\/\/capponline.net\/w\/wp-json\/wp\/v2\/comments?post=1166"}],"version-history":[{"count":1,"href":"https:\/\/capponline.net\/w\/wp-json\/wp\/v2\/pages\/1166\/revisions"}],"predecessor-version":[{"id":1174,"href":"https:\/\/capponline.net\/w\/wp-json\/wp\/v2\/pages\/1166\/revisions\/1174"}],"wp:attachment":[{"href":"https:\/\/capponline.net\/w\/wp-json\/wp\/v2\/media?parent=1166"}],"curies":[{"name":"wp","href":"https:\/\/api.w.org\/{rel}","templated":true}]}}