{"id":3,"date":"2025-01-15T13:50:46","date_gmt":"2025-01-15T12:50:46","guid":{"rendered":"http:\/\/capponline.net\/w\/?page_id=3"},"modified":"2025-02-10T14:51:13","modified_gmt":"2025-02-10T13:51:13","slug":"privacy-policy","status":"publish","type":"page","link":"https:\/\/capponline.net\/w\/privacy-policy\/","title":{"rendered":"Privacy Policy"},"content":{"rendered":"\n<h4 class=\"wp-block-heading\"><strong>ART. 13 e 14 REGOLAMENTO UE 679\/2016<\/strong><\/h4>\n\n\n\n<p>In questa pagina si descrivono le modalit\u00e0 di gestione del sito in riferimento al trattamento dei dati personali degli utenti che lo consultano. Si tratta di un&#8217;informativa che \u00e8 resa anche ai sensi dell&#8217;art. 13 del Regolamento UE 679\/2016 (GDPR), recante disposizioni per la tutela delle persone e di altri soggetti rispetto al trattamento dei dati personali e del d.lg. n. 196\/2003 modificato dal D.lgs 101\/2018 a coloro che interagiscono con i servizi web del sito capponline.net, accessibili per via telematica a partire dall&#8217;indirizzo: www.capponline.net corrispondente alla pagina iniziale del sito istituzionale della CAPP Cooperativa Sociale. L&#8217;informativa \u00e8 resa solo per il sito in questione e non anche per altri siti web eventualmente consultati dall&#8217;utente tramite link. L&#8217;informativa si ispira anche alla Raccomandazione n. 2\/2001 che le autorit\u00e0 europee per la protezione dei dati personali, riunite nel Gruppo istituito dall&#8217;art. 29 della direttiva n. 95\/46\/CE, hanno adottato il 17 maggio 2001 per individuare alcuni requisiti minimi per la raccolta di dati personali on-line, e, in particolare, le modalit\u00e0, i tempi e la natura delle informazioni che i titolari del trattamento devono fornire agli utenti quando questi si collegano a pagine web, indipendentemente dagli scopi del collegamento.<\/p>\n\n\n\n<p><strong>IL \u201cTITOLARE\u201d DEL TRATTAMENTO<\/strong><\/p>\n\n\n\n<p>A seguito della consultazione di questo sito possono essere trattati dati relativi a persone identificate o identificabili.&nbsp;<\/p>\n\n\n\n<p>Il &#8220;titolare&#8221; del trattamento dei dati \u00e8: CAPP Cooperativa Sociale nella figura del Dott. Giuseppe Fiolo in qualit\u00e0 di Rappresentante Legale.<\/p>\n\n\n\n<p><strong>SEDE LEGALE&nbsp;<\/strong><\/p>\n\n\n\n<p>Via Marchese di Villabianca, 120 \u2022 90143 Palermo \u2022 Telefono 091 347 166 \u2022 Fax 091 380 98 02 \u2022&nbsp;<a href=\"mailto:%20palermo@capponline.net\" target=\"_blank\" rel=\"noreferrer noopener\">palermo@capponline.net<\/a><\/p>\n\n\n\n<p>Sono le presenti le seguenti sedi operative:<\/p>\n\n\n\n<p>\u2022 Sede di Agrigento,&nbsp; via Matteo Cimarra, n.38 \u2022 92100 Agrigento \u2022 Telefono 0922 556 141 \u2022 Fax 0922 175 20 21 \u2022&nbsp;<a href=\"mailto:%20agrigento@capponline.net\" target=\"_blank\" rel=\"noreferrer noopener\">agrigento@capponline.net<\/a><\/p>\n\n\n\n<p><strong>RESPONSABILE DELLA PROTEZIONE DEI DATI EX ART. 37 DEL GDPR 679\/2016&nbsp;<\/strong><\/p>\n\n\n\n<p>Dott. M. Provenzano \u2022&nbsp;<a href=\"mailto:%20rpd@capponline.net\" target=\"_blank\" rel=\"noreferrer noopener\">rpd@capponline.net<\/a><\/p>\n\n\n\n<p><strong>LUOGO DI TRATTAMENTO DEI DATI<\/strong><\/p>\n\n\n\n<p>I trattamenti connessi ai servizi web di questo sito hanno luogo presso la sede legale e le sedi operative predette della CAPP Cooperativa Sociale e sono curati solo da personale autorizzato al trattamento dei dati.<\/p>\n\n\n\n<p><strong>TIPI DI DATI TRATTATI<\/strong><\/p>\n\n\n\n<p>Dati di navigazione<\/p>\n\n\n\n<p>I sistemi informatici e le procedure software preposte al funzionamento di questo sito web acquisiscono, nel corso del loro normale esercizio, alcuni dati personali la cui trasmissione \u00e8 implicita nell&#8217;uso dei protocolli di comunicazione di Internet. Si tratta di informazioni che non sono raccolte per essere associate a interessati identificati, ma che per loro stessa natura potrebbero, attraverso elaborazioni ed associazioni con dati detenuti da terzi, permettere di identificare gli utenti. In questa categoria di dati rientrano gli indirizzi IP o i nomi a dominio dei computer utilizzati dagli utenti che si connettono al sito, gli indirizzi in notazione URI (Uniform Resource Identifier) delle risorse richieste, l&#8217;orario della richiesta, il metodo utilizzato nel sottoporre la richiesta al server, la dimensione del file ottenuto in risposta, il codice numerico indicante lo stato della risposta data dal server (buon fine, errore, ecc.) ed altri parametri relativi al sistema operativo e all&#8217;ambiente informatico dell&#8217;utente. Questi dati vengono utilizzati al solo fine di ricavare informazioni statistiche anonime sull&#8217;uso del sito e per controllarne il corretto funzionamento e vengono cancellati immediatamente dopo l&#8217;elaborazione. I dati potrebbero essere utilizzati per l&#8217;accertamento di responsabilit\u00e0 in caso di ipotetici reati informatici ai danni del sito: salva questa eventualit\u00e0, allo stato i dati sui contatti web non persistono per pi\u00f9 di sette giorni.<br><br>Dati forniti volontariamente dall&#8217;utente<\/p>\n\n\n\n<p>L&#8217;invio facoltativo, esplicito e volontario di posta elettronica agli indirizzi indicati su questo sito comporta la successiva acquisizione dell&#8217;indirizzo del mittente, necessario per rispondere alle richieste, nonch\u00e9 degli eventuali altri dati personali inseriti nella missiva. Specifiche informative di sintesi verranno progressivamente riportate o visualizzate nelle pagine del sito predisposte per particolari servizi a richiesta.<\/p>\n\n\n\n<p>Cookies<\/p>\n\n\n\n<p>Nessun dato personale degli utenti viene in proposito acquisito dal sito. Non viene fatto uso di cookies per la trasmissione di informazioni di carattere personale, n\u00e9 vengono utilizzati c.d. cookies persistenti di alcun tipo, ovvero sistemi per il tracciamento degli utenti. L&#8217;uso di c.d. cookies di sessione (che non vengono memorizzati in modo persistente sul computer dell&#8217;utente e svaniscono con la chiusura del browser) \u00e8 strettamente limitato alla trasmissione di identificativi di sessione (costituiti da numeri casuali generati dal server) necessari per consentire l&#8217;esplorazione sicura ed efficiente del sito. I c.d. cookies di sessione utilizzati in questo sito evitano il ricorso ad altre tecniche informatiche potenzialmente pregiudizievoli per la riservatezza della navigazione degli utenti e non consentono l&#8217;acquisizione di dati personali identificativi dell&#8217;utente.<\/p>\n\n\n\n<p><strong>FACOLTATIVIT\u00c0 DEL CONFERIMENTO DEI DATI<\/strong><\/p>\n\n\n\n<p>A parte quanto specificato per i dati di navigazione, l&#8217;utente \u00e8 libero di fornire i dati personali riportati nei moduli di richiesta alla CAPP Cooperativa Sociale o comunque indicati in contatti con la stessa per sollecitare l&#8217;invio di materiale informativo o di altre comunicazioni. Il loro mancato conferimento pu\u00f2 comportare l&#8217;impossibilit\u00e0 di ottenere quanto richiesto.<\/p>\n\n\n\n<p><strong>MODALIT\u00c0 DEL TRATTAMENTO<\/strong><\/p>\n\n\n\n<p>I dati personali sono trattati con strumenti automatizzati per il tempo strettamente necessario a conseguire gli scopi per cui sono stati raccolti. Specifiche misure di sicurezza sono osservate per prevenire la perdita dei dati, usi illeciti o non corretti ed accessi non autorizzati.<\/p>\n\n\n\n<p><strong>DIRITTI DEGLI INTERESSATI<\/strong><\/p>\n\n\n\n<p>I soggetti cui si riferiscono i dati personali hanno il diritto in qualunque momento di ottenere la conferma dell\u2019esistenza o meno dei medesimi dati e di conoscerne il contenuto e l\u2019origine, verificarne l\u2019esattezza o chiederne l\u2019integrazione o l\u2019aggiornamento, oppure la rettificazione, ai sensi degli artt. da 15 a 22 del Regolamento UE 679\/2016 sulla protezione dei dati personali.&nbsp;<\/p>\n\n\n\n<p>In particolare l&#8217;Interessato gode di specifici diritti:&nbsp;<\/p>\n\n\n\n<p>\u2022 Diritto di accesso ai tuoi dati personali&nbsp;<\/p>\n\n\n\n<p>Hai il diritto di ottenere dal Titolare del trattamento la conferma dell&#8217;esistenza o meno di dati personali che ti riguardano anche se non ancora registrati, e la messa a disposizione dei medesimi in forma intelligibile. Hai inoltre il diritto di conoscere l&#8217;origine dei dati, la logica e le finalit\u00e0 su cui si basa il loro trattamento.&nbsp;<\/p>\n\n\n\n<p>\u2022 Diritto di correggere i tuoi dati personali&nbsp;<\/p>\n\n\n\n<p>Hai il diritto di ottenere l&#8217;aggiornamento, la rettifica o, se ne hai interesse, l&#8217;integrazione dei dati medesimi; hai altres\u00ec il diritto di opporsi in tutto o in parte, per motivi legittimi, al trattamento dei tuoi dati personali ancorch\u00e8 pertinenti allo scopo della raccolta, il diritto di limitazione del trattamento e il diritto di opporti a un processo decisionale automatizzato.&nbsp;<\/p>\n\n\n\n<p>\u2022 Diritto alla portabilit\u00e0 dei dati&nbsp;<\/p>\n\n\n\n<p>Hai il diritto alla portabilit\u00e0 dei tuoi dati personali a partire dal 25 maggio 2018.&nbsp;<\/p>\n\n\n\n<p>\u2022 Diritto alla cancellazione&nbsp;<\/p>\n\n\n\n<p>Conserviamo i tuoi dati solo per il tempo necessario a fornirti il servizio o per obblighi di legge. Se ritieni che la Societ\u00e0 stia conservando i tuoi dati per un periodo di tempo superiore rispetto al tempo necessario, puoi ottenerne la cancellazione.<\/p>\n\n\n\n<p>Le richieste per l\u2019esercizio dei diritti sopra elencati, la trasformazione in forma anonima o il blocco dei dati trattati in violazione di legge, nonch\u00e8 il diritto di opporsi in ogni caso, per motivi legittimi, al loro trattamento potranno essere inoltrate al seguente indirizzo mail:&nbsp;<a href=\"mailto:%20rpd@capponline.net\" target=\"_blank\" rel=\"noreferrer noopener\">rpd@capponline.net<\/a>&nbsp;\u2022 via Fax: 0913809802 &#8211; oppure via posta, a CAPP Cooperativa Sociale che ha sede in Palermo (Italia), via Marchese di Villabianca n. 120 \u2022 CAP 90143.<\/p>\n\n\n\n<p>P3P La presente informativa sulla privacy \u00e8 consultabile in forma automatica dai pi\u00f9 recenti browser che implementano lo standard P3P (&#8220;Platform for Privacy Preferences Project&#8221;) proposto dal World Wide Web Consortium (www.w3c.org). Ogni sforzo verr\u00e0 fatto per rendere il pi\u00f9 possibile interoperabili le funzionalit\u00e0 di questo sito con i meccanismi di controllo automatico della privacy disponibili in alcuni prodotti utilizzati dagli utenti. Considerando che lo stato di perfezionamento dei meccanismi automatici di controllo non li rende attualmente esenti da errori e disfunzioni, si precisa che il presente documento, qui pubblicato costituisce la \u201cPrivacy Policy\u201d di questo sito che sar\u00e0 soggetta ad aggiornamenti.<\/p>\n\n\n\n<h4 class=\"wp-block-heading\"><strong>Note<\/strong><\/h4>\n\n\n\n<p><a href=\"http:\/\/capponline.net\/w\/wp-content\/uploads\/2025\/01\/200520-assistenza-formazione-distanza.pdf\" target=\"_blank\" rel=\"noreferrer noopener\">\u00bb Assistenza e Formazione a Distanza<\/a><\/p>\n\n\n\n<p><a href=\"http:\/\/capponline.net\/w\/wp-content\/uploads\/2025\/01\/200520-nota-informativa-rimodulazione.pdf\" target=\"_blank\" rel=\"noreferrer noopener\">\u00bb Nota Informativa Rimodulazione<\/a><\/p>\n","protected":false},"excerpt":{"rendered":"<p>ART. 13 e 14 REGOLAMENTO UE 679\/2016 In questa pagina si descrivono le modalit\u00e0 di gestione del sito in riferimento al trattamento dei dati personali degli utenti che lo consultano. Si tratta di un&#8217;informativa che \u00e8 resa anche ai sensi dell&#8217;art. 13 del Regolamento UE 679\/2016 (GDPR), recante disposizioni per la tutela delle persone e [&hellip;]<\/p>\n","protected":false},"author":1,"featured_media":0,"parent":0,"menu_order":0,"comment_status":"closed","ping_status":"open","template":"","meta":{"footnotes":""},"class_list":["post-3","page","type-page","status-publish","hentry"],"_links":{"self":[{"href":"https:\/\/capponline.net\/w\/wp-json\/wp\/v2\/pages\/3","targetHints":{"allow":["GET"]}}],"collection":[{"href":"https:\/\/capponline.net\/w\/wp-json\/wp\/v2\/pages"}],"about":[{"href":"https:\/\/capponline.net\/w\/wp-json\/wp\/v2\/types\/page"}],"author":[{"embeddable":true,"href":"https:\/\/capponline.net\/w\/wp-json\/wp\/v2\/users\/1"}],"replies":[{"embeddable":true,"href":"https:\/\/capponline.net\/w\/wp-json\/wp\/v2\/comments?post=3"}],"version-history":[{"count":4,"href":"https:\/\/capponline.net\/w\/wp-json\/wp\/v2\/pages\/3\/revisions"}],"predecessor-version":[{"id":752,"href":"https:\/\/capponline.net\/w\/wp-json\/wp\/v2\/pages\/3\/revisions\/752"}],"wp:attachment":[{"href":"https:\/\/capponline.net\/w\/wp-json\/wp\/v2\/media?parent=3"}],"curies":[{"name":"wp","href":"https:\/\/api.w.org\/{rel}","templated":true}]}}