{"id":527,"date":"2025-01-30T12:16:55","date_gmt":"2025-01-30T11:16:55","guid":{"rendered":"http:\/\/capponline.net\/w\/?page_id=527"},"modified":"2025-02-12T12:25:30","modified_gmt":"2025-02-12T11:25:30","slug":"lavora-con-noi","status":"publish","type":"page","link":"https:\/\/capponline.net\/w\/lavora-con-noi\/","title":{"rendered":"Lavora con noi"},"content":{"rendered":"\n<h3 class=\"wp-block-heading\"><em>Opportunit\u00e0 e Autocandidature<\/em><\/h3>\n\n\n\n<h4 class=\"wp-block-heading\"><strong>Tecnici ABA e Esperto in tecniche con gli animali<\/strong><\/h4>\n\n\n\n<p class=\"has-small-font-size\"><em>Territorio di Cefal\u00f9<\/em><\/p>\n\n\n\n<p><strong>\u2022 Tecnico ABA<\/strong><br><strong>\u2022 Esperto in tecniche con gli animali.<\/strong><\/p>\n\n\n\n<h5 class=\"wp-block-heading has-medium-font-size\"><strong>Di seguito alcune informazioni utili aggiuntive.<\/strong><\/h5>\n\n\n\n<p class=\"has-small-font-size\">Il <strong>Tecnico ABA<\/strong> \u00e8 un laureato triennale (psicologo, educatore, assistente sociale, logopedista, neuropsicomotricista e\/o figure professionali affini), che ha frequentato un corso di alta formazione (Master di Primo Livello in Applied Behavior Analysis, figura professionale riconosciuta in base alla Legge n.4\/2013 \u201cDisposizioni in materia di professioni non organizzate\u201d) o &#8211; <em>fermo restando il requisito del possesso della Laurea almeno triennale in ambito socio-psico-pedagogico<\/em> &#8211; essere in possesso di attestato di Tecnico ABA con maturata esperienza nel lavoro con minori affetti da disturbo dello spettro autistico.<\/p>\n\n\n\n<p class=\"has-small-font-size\"><strong>Esperto in tecniche con gli animali<\/strong> \u00e8 una figura professionale riconosciuta in base alla L.n.4\/2013.<\/p>\n\n\n\n<p class=\"has-small-font-size\">Inviate&nbsp;<strong>Curriculum Vitae<\/strong>&nbsp;&#8211; aggiornato, datato e firmato &#8211; tramite il form che troverete al seguente link:<\/p>\n\n\n\n<p class=\"has-text-color has-link-color wp-elements-e63992f7446afac50cadb343ecd5af32\" style=\"color:#00a38d\"><strong><a href=\"https:\/\/docs.google.com\/forms\/d\/e\/1FAIpQLSfun1JFxqOROITDfnz3qKnucil_4y-9nFlF-4bZi0xnyupTWQ\/viewform\" target=\"_blank\" rel=\"noreferrer noopener\">\u00bb Modulo invio candidatura<\/a><\/strong><\/p>\n\n\n\n<p class=\"has-small-font-size\">Negli appositi spazi dello stesso form allegate anche un Documento d&#8217;Identit\u00e0 in corso di validit\u00e0, eventuali attestati e titoli dichiarati nel curriculum e la&nbsp;Dichiarazione di Immediata Disponibilit\u00e0 al lavoro del centro per l&#8217;impiego.<\/p>\n\n\n\n<hr class=\"wp-block-separator has-alpha-channel-opacity\"\/>\n\n\n\n<p><\/p>\n\n\n\n<h4 class=\"wp-block-heading\"><strong>Educatori<\/strong><\/h4>\n\n\n\n<p class=\"has-small-font-size\"><em>Sede di Palermo<\/em><\/p>\n\n\n\n<p class=\"has-small-font-size\"><strong>Laureati in Scienze dell&#8217;Educazione o Pedagogia\/Psicologia abilitati ai sensi della legge 205 comma 594-601<\/strong> &#8211; con 12 mesi di comprovata esperienza lavorativa in ambito disabilit\u00e0 -, da impiegare in progetti individuali di sostegno socio-educativo in favore di minori e\/o adulti in condizione di disabilit\u00e0 o in servizi analoghi, sui territori dei Distretti Socio Sanitari n.42 (Palermo, Villabate, Monreale, Piana degli Albanesi, Altofonte, Santa Cristina Gela, Belmonte Mezzagno) e n.33 (Campofelice di Roccella, Castelbuono, Cefal\u00f9, Collesano, Gratteri, Isnello, Lascari, Pollina, San Mauro Castelverde).<\/p>\n\n\n\n<p class=\"has-small-font-size\">Inviate&nbsp;<strong>Curriculum Vitae<\/strong>&nbsp;&#8211; aggiornato, datato e firmato &#8211; tramite il form che troverete al seguente link:<\/p>\n\n\n\n<p class=\"has-text-color has-link-color wp-elements-bab106b71ef05168f07a910e88821665\" style=\"color:#00a38d\"><strong><a href=\"https:\/\/docs.google.com\/forms\/d\/e\/1FAIpQLSfun1JFxqOROITDfnz3qKnucil_4y-9nFlF-4bZi0xnyupTWQ\/viewform\" target=\"_blank\" rel=\"noreferrer noopener\"><strong><a href=\"https:\/\/docs.google.com\/forms\/d\/e\/1FAIpQLSfun1JFxqOROITDfnz3qKnucil_4y-9nFlF-4bZi0xnyupTWQ\/viewform\" target=\"_blank\" rel=\"noreferrer noopener\">\u00bb Modulo invio candidatura<\/a><\/strong><\/a><\/strong><\/p>\n\n\n\n<p class=\"has-small-font-size\">Negli appositi spazi dello stesso form allegate anche un Documento d&#8217;Identit\u00e0 in corso di validit\u00e0, eventuali attestati e titoli dichiarati nel curriculum e la&nbsp;Dichiarazione di Immediata Disponibilit\u00e0 al lavoro del centro per l&#8217;impiego.<br><\/p>\n\n\n\n<hr class=\"wp-block-separator has-alpha-channel-opacity\"\/>\n\n\n\n<h4 class=\"wp-block-heading\"><strong>OSA e OSS<\/strong><\/h4>\n\n\n\n<p class=\"has-small-font-size\"><em>Sede di Palermo<\/em><\/p>\n\n\n\n<p class=\"has-small-font-size\"><strong>Operatori Socio Assistenziali e Operatori Socio Sanitari<\/strong>&nbsp;&#8211; con 12 mesi di comprovata esperienza lavorativa &#8211; da impiegare nell\u2019ambito di Servizi di Assistenza Domiciliare in favore di anziani non autosufficienti e di persone in condizione di disabilit\u00e0 grave sui territori dei Distretti Socio Sanitari n.42 (Palermo, Villabate, Monreale, Piana degli Albanesi, Altofonte, Santa Cristina Gela, Belmonte Mezzagno) e n.33&nbsp; (Campofelice di Roccella, Castelbuono, Cefal\u00f9, Collesano, Gratteri, Isnello, Lascari, Pollina, San Mauro Castelverde).<\/p>\n\n\n\n<p class=\"has-small-font-size\">Inviate&nbsp;<strong>Curriculum Vitae<\/strong>&nbsp;&#8211; aggiornato, datato e firmato &#8211; tramite il form che troverete al seguente link:<\/p>\n\n\n\n<p class=\"has-text-color has-link-color wp-elements-e63992f7446afac50cadb343ecd5af32\" style=\"color:#00a38d\"><strong><a href=\"https:\/\/docs.google.com\/forms\/d\/e\/1FAIpQLSfun1JFxqOROITDfnz3qKnucil_4y-9nFlF-4bZi0xnyupTWQ\/viewform\" target=\"_blank\" rel=\"noreferrer noopener\">\u00bb Modulo invio candidatura<\/a><\/strong><\/p>\n\n\n\n<p class=\"has-small-font-size\">Negli appositi spazi dello stesso form allegate anche un Documento d&#8217;Identit\u00e0 in corso di validit\u00e0, eventuali attestati e titoli dichiarati nel curriculum e la&nbsp;Dichiarazione di Immediata Disponibilit\u00e0 al lavoro del centro per l&#8217;impiego.<br><\/p>\n\n\n\n<hr class=\"wp-block-separator has-alpha-channel-opacity\"\/>\n\n\n\n<h4 class=\"wp-block-heading\"><strong>Logopedisti<\/strong><\/h4>\n\n\n\n<p class=\"has-small-font-size\"><em>Sede di Palermo<\/em><\/p>\n\n\n\n<p class=\"has-small-font-size\"><strong>Logopedisti<\/strong>&nbsp;da impiegare nell\u2019ambito di Servizi di Assistenza Domiciliare in favore di anziani e persone in condizione di disabilit\u00e0, sui territori del Distretto Socio Sanitario n.33 (Campofelice di Roccella, Castelbuono, Cefal\u00f9, Collesano, Gratteri, Isnello, Lascari, Pollina, San Mauro Castelverde) e n.35 (Alimena, Blufi, Bompietro, Castellana Sicula, Gangi, Geraci Siculo, Petralia Soprana, Petralia Sottana, Polizzi Generosa). Sono previsti eventuali rimborsi.<\/p>\n\n\n\n<p class=\"has-small-font-size\">Inviate&nbsp;<strong>Curriculum Vitae<\/strong>&nbsp;&#8211; aggiornato, datato e firmato &#8211; tramite il form che troverete al seguente link:<\/p>\n\n\n\n<p class=\"has-text-color has-link-color wp-elements-e63992f7446afac50cadb343ecd5af32\" style=\"color:#00a38d\"><strong><a href=\"https:\/\/docs.google.com\/forms\/d\/e\/1FAIpQLSfun1JFxqOROITDfnz3qKnucil_4y-9nFlF-4bZi0xnyupTWQ\/viewform\" target=\"_blank\" rel=\"noreferrer noopener\">\u00bb Modulo invio candidatura<\/a><\/strong><\/p>\n\n\n\n<p class=\"has-small-font-size\">Negli appositi spazi dello stesso form allegate anche un Documento d&#8217;Identit\u00e0 in corso di validit\u00e0, eventuali attestati e titoli dichiarati nel curriculum e la&nbsp;Dichiarazione di Immediata Disponibilit\u00e0 al lavoro del centro per l&#8217;impiego.<br><\/p>\n\n\n\n<hr class=\"wp-block-separator has-alpha-channel-opacity\"\/>\n\n\n\n<h4 class=\"wp-block-heading\"><strong>Neurologo, Neuropsichiatra infantile, Geriatra, Fisiatra,&nbsp;Fisioterapista, Logopedista<\/strong><\/h4>\n\n\n\n<p class=\"has-small-font-size\"><em>Sede di Agrigento<\/em><\/p>\n\n\n\n<p class=\"has-small-font-size\">Per la nostra sede operativa di Agrigento, siamo alla ricerca delle seguenti figure professionali: Neurologo, Neuropsichiatra infantile, Geriatra, Fisiatra, Fisioterapista e Logopedista.<\/p>\n\n\n\n<p class=\"has-small-font-size\">Inviate&nbsp;<strong>Curriculum Vitae<\/strong>&nbsp;&#8211; aggiornato, datato e firmato &#8211; tramite il form che troverete al seguente link:<\/p>\n\n\n\n<p class=\"has-text-color has-link-color wp-elements-e63992f7446afac50cadb343ecd5af32\" style=\"color:#00a38d\"><strong><a href=\"https:\/\/docs.google.com\/forms\/d\/e\/1FAIpQLSfun1JFxqOROITDfnz3qKnucil_4y-9nFlF-4bZi0xnyupTWQ\/viewform\" target=\"_blank\" rel=\"noreferrer noopener\">\u00bb Modulo invio candidatura<\/a><\/strong><\/p>\n\n\n\n<p class=\"has-small-font-size\">Negli appositi spazi dello stesso form allegate anche un Documento d&#8217;Identit\u00e0 in corso di validit\u00e0, eventuali attestati e titoli dichiarati nel curriculum e la&nbsp;Dichiarazione di Immediata Disponibilit\u00e0 al lavoro del centro per l&#8217;impiego.<br><\/p>\n\n\n\n<hr class=\"wp-block-separator has-alpha-channel-opacity\"\/>\n\n\n\n<h4 class=\"wp-block-heading\"><strong>Tecnico della Riabilitazione Psichiatrica<\/strong><\/h4>\n\n\n\n<p class=\"has-small-font-size\"><em>Sede di Palermo<\/em><\/p>\n\n\n\n<p class=\"has-small-font-size\"><strong>Tecnico della Riabilitazione Psichiatrica<\/strong>,&nbsp;in possesso di Laurea triennale,&nbsp; con 12 mesi di comprovata esperienza lavorativa.<\/p>\n\n\n\n<p class=\"has-small-font-size\">Inviate&nbsp;<strong>Curriculum Vitae<\/strong>&nbsp;&#8211; aggiornato, datato e firmato &#8211; tramite il form che troverete al seguente link:<\/p>\n\n\n\n<p class=\"has-text-color has-link-color wp-elements-e63992f7446afac50cadb343ecd5af32\" style=\"color:#00a38d\"><strong><a href=\"https:\/\/docs.google.com\/forms\/d\/e\/1FAIpQLSfun1JFxqOROITDfnz3qKnucil_4y-9nFlF-4bZi0xnyupTWQ\/viewform\" target=\"_blank\" rel=\"noreferrer noopener\">\u00bb Modulo invio candidatura<\/a><\/strong><\/p>\n\n\n\n<p class=\"has-small-font-size\">Negli appositi spazi dello stesso form allegate anche un Documento d&#8217;Identit\u00e0 in corso di validit\u00e0, eventuali attestati e titoli dichiarati nel curriculum e la&nbsp;Dichiarazione di Immediata Disponibilit\u00e0 al lavoro del centro per l&#8217;impiego.<br><\/p>\n\n\n\n<hr class=\"wp-block-separator has-alpha-channel-opacity\"\/>\n\n\n\n<p class=\"has-text-color has-link-color has-large-font-size wp-elements-df8aa754e2dde95fdd951ca36c1b409c\" style=\"color:#385989\"><strong><em><br>Al momento non \u00e8 richiesto altro personale.<\/em><\/strong><\/p>\n\n\n\n<p>Per eventuali autocandidature utilizzate l&#8217;apposito modulo online che trovate al seguente link:<\/p>\n\n\n\n<p class=\"has-text-color has-link-color wp-elements-d72399d2030644270b2fcac4828229b4\" style=\"color:#00a38d\"><strong><a href=\"https:\/\/docs.google.com\/forms\/d\/e\/1FAIpQLSfun1JFxqOROITDfnz3qKnucil_4y-9nFlF-4bZi0xnyupTWQ\/viewform\" target=\"_blank\" rel=\"noreferrer noopener\">\u00bb Modulo invio autocandidatura<\/a><\/strong><\/p>\n\n\n\n<p class=\"has-small-font-size\">Tramite lo stesso modulo sar\u00e0 possibile inviare:<\/p>\n\n\n\n<p class=\"has-small-font-size\">\u2022<strong>\u00a0Curriculum Vitae<\/strong>\u00a0aggiornato, datato e firmato <em>(obbligatorio)<\/em>;<br>\u2022\u00a0<strong>Documento d&#8217;Identit\u00e0<\/strong>\u00a0in corso di validit\u00e0;<br>\u2022\u00a0<strong>Attestati e titoli<\/strong>\u00a0dichiarati nel curriculum;<br>\u2022\u00a0<strong>Dichiarazione di immediata disponibilit\u00e0 al lavoro<\/strong>\u00a0del Centro per l&#8217;impiego.<br><br>I vostri dati verranno inseriti nella nostra banca dati e disponibili per future ricerche di personale.<\/p>\n\n\n\n<p class=\"has-small-font-size\">Grazie per la collaborazione.<\/p>\n\n\n\n<p class=\"has-small-font-size\">Per ulteriori informazioni potete contattarci:<br><a href=\"mailto:selezione@capponline.net\">selezione@capponline.net<\/a><\/p>\n\n\n\n<p><\/p>\n","protected":false},"excerpt":{"rendered":"<p>Opportunit\u00e0 e Autocandidature Tecnici ABA e Esperto in tecniche con gli animali Territorio di Cefal\u00f9 \u2022 Tecnico ABA\u2022 Esperto in tecniche con gli animali. Di seguito alcune informazioni utili aggiuntive. Il Tecnico ABA \u00e8 un laureato triennale (psicologo, educatore, assistente sociale, logopedista, neuropsicomotricista e\/o figure professionali affini), che ha frequentato un corso di alta formazione [&hellip;]<\/p>\n","protected":false},"author":1,"featured_media":0,"parent":0,"menu_order":0,"comment_status":"closed","ping_status":"closed","template":"","meta":{"footnotes":""},"class_list":["post-527","page","type-page","status-publish","hentry"],"_links":{"self":[{"href":"https:\/\/capponline.net\/w\/wp-json\/wp\/v2\/pages\/527","targetHints":{"allow":["GET"]}}],"collection":[{"href":"https:\/\/capponline.net\/w\/wp-json\/wp\/v2\/pages"}],"about":[{"href":"https:\/\/capponline.net\/w\/wp-json\/wp\/v2\/types\/page"}],"author":[{"embeddable":true,"href":"https:\/\/capponline.net\/w\/wp-json\/wp\/v2\/users\/1"}],"replies":[{"embeddable":true,"href":"https:\/\/capponline.net\/w\/wp-json\/wp\/v2\/comments?post=527"}],"version-history":[{"count":9,"href":"https:\/\/capponline.net\/w\/wp-json\/wp\/v2\/pages\/527\/revisions"}],"predecessor-version":[{"id":937,"href":"https:\/\/capponline.net\/w\/wp-json\/wp\/v2\/pages\/527\/revisions\/937"}],"wp:attachment":[{"href":"https:\/\/capponline.net\/w\/wp-json\/wp\/v2\/media?parent=527"}],"curies":[{"name":"wp","href":"https:\/\/api.w.org\/{rel}","templated":true}]}}