{"id":535,"date":"2025-02-04T10:59:49","date_gmt":"2025-02-04T09:59:49","guid":{"rendered":"http:\/\/capponline.net\/w\/?page_id=535"},"modified":"2025-12-19T13:07:21","modified_gmt":"2025-12-19T12:07:21","slug":"organigramma","status":"publish","type":"page","link":"https:\/\/capponline.net\/w\/organigramma\/","title":{"rendered":"Organigramma Sintetico"},"content":{"rendered":"\n<p>L&#8217;organigramma \u00e8 la rappresentazione grafica di una struttura organizzativa e pi\u00f9 in dettaglio, \u00e8 lo strumento principale che ha a disposizione la Cooperativa per&nbsp; descrivere l\u2019insieme delle principali relazioni che le legano tra loro i diversi livelli operativi.<\/p>\n\n\n\n<p>Anche se la comprensione delle modalit\u00e0 di funzionamento di un\u2019organizzazione non pu\u00f2 esaurirsi nella lettura dell\u2019organigramma, lo stesso rappresenta un valido riferimento per riconoscere le parti di un\u2019organizzazione, il modo in cui sono collegate, come la singola unit\u00e0 si colloca nell\u2019insieme e come dovrebbe relazionarsi con le altre.<\/p>\n\n\n\n<p>Di seguito viene riportato l\u2019Organigramma Nominativo-Funzionale della CAPP Cooperativa Sociale.<\/p>\n\n\n\n<figure class=\"wp-block-image size-large\"><a href=\"https:\/\/capponline.net\/w\/wp-content\/uploads\/2025\/12\/251219-capp_organigramma.jpg\" target=\"_blank\" rel=\" noreferrer noopener\"><img loading=\"lazy\" decoding=\"async\" width=\"731\" height=\"1024\" src=\"https:\/\/capponline.net\/w\/wp-content\/uploads\/2025\/12\/251219-capp_organigramma-731x1024.jpg\" alt=\"\" class=\"wp-image-1212\" srcset=\"https:\/\/capponline.net\/w\/wp-content\/uploads\/2025\/12\/251219-capp_organigramma-731x1024.jpg 731w, https:\/\/capponline.net\/w\/wp-content\/uploads\/2025\/12\/251219-capp_organigramma-214x300.jpg 214w, https:\/\/capponline.net\/w\/wp-content\/uploads\/2025\/12\/251219-capp_organigramma-768x1076.jpg 768w, https:\/\/capponline.net\/w\/wp-content\/uploads\/2025\/12\/251219-capp_organigramma-1097x1536.jpg 1097w, https:\/\/capponline.net\/w\/wp-content\/uploads\/2025\/12\/251219-capp_organigramma-1462x2048.jpg 1462w, https:\/\/capponline.net\/w\/wp-content\/uploads\/2025\/12\/251219-capp_organigramma.jpg 1772w\" sizes=\"auto, (max-width: 731px) 100vw, 731px\" \/><\/a><\/figure>\n\n\n\n<p class=\"has-small-font-size\"><em><a href=\"http:\/\/capponline.net\/w\/wp-content\/uploads\/2025\/12\/251219-capp_organigramma.pdf\" data-type=\"attachment\" data-id=\"1156\" target=\"_blank\" rel=\"noreferrer noopener\">>> Visualizza l&#8217;organigramma in pdf.<\/a><\/em><\/p>\n\n\n\n<p><\/p>\n","protected":false},"excerpt":{"rendered":"<p>L&#8217;organigramma \u00e8 la rappresentazione grafica di una struttura organizzativa e pi\u00f9 in dettaglio, \u00e8 lo strumento principale che ha a disposizione la Cooperativa per&nbsp; descrivere l\u2019insieme delle principali relazioni che le legano tra loro i diversi livelli operativi. Anche se la comprensione delle modalit\u00e0 di funzionamento di un\u2019organizzazione non pu\u00f2 esaurirsi nella lettura dell\u2019organigramma, lo [&hellip;]<\/p>\n","protected":false},"author":1,"featured_media":0,"parent":0,"menu_order":0,"comment_status":"closed","ping_status":"closed","template":"","meta":{"footnotes":""},"class_list":["post-535","page","type-page","status-publish","hentry"],"_links":{"self":[{"href":"https:\/\/capponline.net\/w\/wp-json\/wp\/v2\/pages\/535","targetHints":{"allow":["GET"]}}],"collection":[{"href":"https:\/\/capponline.net\/w\/wp-json\/wp\/v2\/pages"}],"about":[{"href":"https:\/\/capponline.net\/w\/wp-json\/wp\/v2\/types\/page"}],"author":[{"embeddable":true,"href":"https:\/\/capponline.net\/w\/wp-json\/wp\/v2\/users\/1"}],"replies":[{"embeddable":true,"href":"https:\/\/capponline.net\/w\/wp-json\/wp\/v2\/comments?post=535"}],"version-history":[{"count":19,"href":"https:\/\/capponline.net\/w\/wp-json\/wp\/v2\/pages\/535\/revisions"}],"predecessor-version":[{"id":1215,"href":"https:\/\/capponline.net\/w\/wp-json\/wp\/v2\/pages\/535\/revisions\/1215"}],"wp:attachment":[{"href":"https:\/\/capponline.net\/w\/wp-json\/wp\/v2\/media?parent=535"}],"curies":[{"name":"wp","href":"https:\/\/api.w.org\/{rel}","templated":true}]}}