{"id":621,"date":"2025-02-06T19:25:39","date_gmt":"2025-02-06T18:25:39","guid":{"rendered":"http:\/\/capponline.net\/w\/?page_id=621"},"modified":"2025-02-20T17:21:34","modified_gmt":"2025-02-20T16:21:34","slug":"capp-e-il-servizio-civile","status":"publish","type":"page","link":"https:\/\/capponline.net\/w\/capp-e-il-servizio-civile\/","title":{"rendered":"CAPP e il Servizio Civile"},"content":{"rendered":"\n<p>La CAPP Cooperativa Sociale dal 2006 \u00e8 stata sede di attuazione di progetti di Servizio Civile Nazionale (ex Legge 64\/2001) nel settore dell\u2019Assistenza.<br>Dal 21 ottobre 2009 \u00e8 stata accreditata come ente di Servizio Civile Nazionale alla 4\u00aa classe dell\u2019albo della Regione Sicilia.<\/p>\n\n\n\n<div class=\"wp-block-group is-vertical is-content-justification-center is-layout-flex wp-container-core-group-is-layout-ce155fab wp-block-group-is-layout-flex\">\n<figure class=\"wp-block-image alignright size-full is-resized\"><img loading=\"lazy\" decoding=\"async\" width=\"414\" height=\"119\" src=\"https:\/\/capponline.net\/w\/wp-content\/uploads\/2025\/02\/cappscu-01.png\" alt=\"\" class=\"wp-image-1004\" style=\"object-fit:cover;width:560px;height:auto\" srcset=\"https:\/\/capponline.net\/w\/wp-content\/uploads\/2025\/02\/cappscu-01.png 414w, https:\/\/capponline.net\/w\/wp-content\/uploads\/2025\/02\/cappscu-01-300x86.png 300w\" sizes=\"auto, (max-width: 414px) 100vw, 414px\" \/><\/figure>\n<\/div>\n\n\n\n<div class=\"wp-block-group is-vertical is-layout-flex wp-container-core-group-is-layout-fe9cc265 wp-block-group-is-layout-flex\">\n<p>Dal 2019 \u00e8 ente di accoglienza per i progetti di Servizio Civile Universale, accreditato con l\u2019ente capofila Tecno Staff (SU00284), all\u2019albo degli enti di Servizio Civile Universale &#8211; Sezione Regione Sicilia. Questo accreditamento congiunto con la Tecno Staffnasce da una collaborazione pluriennale che ha portato alla realizzazione di diversi interventi in tema di servizio civile.<\/p>\n<\/div>\n\n\n\n<p>Il primo Progetto di Servizio Civile della CAPP \u201c<strong>Liberiamo il tempo<\/strong>\u201d, realizzato nell\u2019ottobre 2006 \u00e8 stato cos\u00ec denominato in ricordo di una gita organizzata nel luglio 2003, dagli operatori della Cooperativa, a favore di Utenti con disabilit\u00e0.<\/p>\n\n\n\n<p>I progetti successivi &#8211;&nbsp;<strong>Il mondo con Noi<\/strong>&nbsp;(2007-2008),&nbsp;<strong>Progetto Nemo<\/strong>&nbsp;(2012-2013),&nbsp;<strong>Talita Cum<\/strong>&nbsp;(2014-2015),&nbsp;<strong>Odigitria<\/strong>&nbsp;(2015-2016),&nbsp;<strong>EssenziAli<\/strong>&nbsp;(2016-2017), hanno avuto come tema trainante l\u2019Assistenza rivolta alle persone con disabilit\u00e0.<\/p>\n\n\n\n<p>Con la Legge 106\/2016 e il D.Lgs 40\/2017 il Servizio Civile diventa Universale e fornisce ai giovani l\u2019opportunit\u00e0 di vivere una esperienza ancora pi\u00f9 completa sia in Italia che all\u2019Estero con tirocini formativi ed esperienze che possano condurre al futuro inserimento nel mondo del lavoro.<\/p>\n\n\n\n<p>Con i progetti di Servizio Civile Universale&nbsp;<strong>CAPPhands<\/strong>&nbsp;(2017-2018),&nbsp;<strong>InCappare<\/strong>&nbsp;(2018-2019),&nbsp;<strong>Piccoli Passi Possibili<\/strong>&nbsp;(2019-2020) \u00e8 stata data maggiore enfasi allo sviluppo del Turismo accessibile ed alle attivit\u00e0 progettuali gi\u00e0 sperimentate, di Assistenza alle persone con disabilit\u00e0.<\/p>\n\n\n\n<p><strong>Un Aiuto Prezioso<\/strong>&nbsp;(2021-2022) \u00e8 il primo progetto di Servizio Civile Universale realizzato con la Tecno Staff e una rete di enti partners del privato sociale che ripropone il tema dell\u2019Assistenza ad utenti con disabilit\u00e0 inserendo ulteriori servizi ed attivit\u00e0 rivolte anche ai giovani che realizzano l\u2019esperienza di servizio civile.<\/p>\n\n\n\n<p>Per gli Utenti dei servizi della CAPP, le attivit\u00e0 svolte negli anni dai volontari di servizio civile hanno contribuito ad alleggerire il carico familiare, migliorando la qualit\u00e0 degli utenti. In particolare, sono state inserite nei progetti di servizio civile attivit\u00e0 di supporto alla vita quotidiana (facilitare l\u2019uso delle apparecchiature elettroniche), attivit\u00e0 esterne al domicilio (disbrigo pratiche, acquisti, pagamento di utenze, ritiro farmaci, accompagnamento alla vita lavorativa); attivit\u00e0 ricreativo-socializzanti (lettura di quotidiani, giochi di carte, giochi di societ\u00e0, visione di film, preghiera ecc.); attivit\u00e0 relative al turismo accessibile (mappatura delle barriere architettoniche nei siti turistici; organizzazione di eventi per persone con disabilit\u00e0, organizzazione di visite turistiche accessibili); attivit\u00e0 di sostegno scolastico.<\/p>\n\n\n\n<p>Nell&#8217;accompagnamento e nella gestione dei volontari del SCU \u00e8 fondamentale l&#8217;impegno di diverse figure professionali della Cooperativa:<\/p>\n\n\n\n<p><strong>Operatori Locali di Progetto<\/strong><br>Stefania Campanella<br>Maria Concetta Casisa<br>Agnese Clemente<br>Valentina Franzone<br>Anna Musso<\/p>\n\n\n\n<p><strong>Tutor<\/strong><br>Valentina Franzone<\/p>\n\n\n\n<p>La CAPP, con l\u2019attuazione dei progetti di Servizio Civile, ha inteso puntare l\u2019attenzione sull\u2019inclusione sociale.<br>Gli obiettivi progettuali sono da sempre rivolti ad incoraggiare l\u2019utente nell\u2019incrementare le proprie capacit\u00e0 relazionali, le abilit\u00e0 di comunicazione, le motivazioni, le abilit\u00e0 cognitive, la capacit\u00e0 di adattamento all\u2019ambiente, il senso di competenza, l\u2019autonomia e l\u2019autodeterminazione, ma anche ad alleggerire il carico assistenziale dei caregivers familiari.<\/p>\n\n\n\n<p><em>Le attivit\u00e0 del Servizio Civile si sono svolte, negli anni, nelle sedi CAPP di Palermo e Agrigento e hanno coinvolto circa 120 volontari dai 18 ai 28 anni in una esperienza di confronto continuo e crescita reciproca: sia per i giovani che per la Cooperativa.<\/em><\/p>\n","protected":false},"excerpt":{"rendered":"<p>La CAPP Cooperativa Sociale dal 2006 \u00e8 stata sede di attuazione di progetti di Servizio Civile Nazionale (ex Legge 64\/2001) nel settore dell\u2019Assistenza.Dal 21 ottobre 2009 \u00e8 stata accreditata come ente di Servizio Civile Nazionale alla 4\u00aa classe dell\u2019albo della Regione Sicilia. Dal 2019 \u00e8 ente di accoglienza per i progetti di Servizio Civile Universale, [&hellip;]<\/p>\n","protected":false},"author":1,"featured_media":0,"parent":0,"menu_order":0,"comment_status":"closed","ping_status":"closed","template":"","meta":{"footnotes":""},"class_list":["post-621","page","type-page","status-publish","hentry"],"_links":{"self":[{"href":"https:\/\/capponline.net\/w\/wp-json\/wp\/v2\/pages\/621","targetHints":{"allow":["GET"]}}],"collection":[{"href":"https:\/\/capponline.net\/w\/wp-json\/wp\/v2\/pages"}],"about":[{"href":"https:\/\/capponline.net\/w\/wp-json\/wp\/v2\/types\/page"}],"author":[{"embeddable":true,"href":"https:\/\/capponline.net\/w\/wp-json\/wp\/v2\/users\/1"}],"replies":[{"embeddable":true,"href":"https:\/\/capponline.net\/w\/wp-json\/wp\/v2\/comments?post=621"}],"version-history":[{"count":5,"href":"https:\/\/capponline.net\/w\/wp-json\/wp\/v2\/pages\/621\/revisions"}],"predecessor-version":[{"id":1006,"href":"https:\/\/capponline.net\/w\/wp-json\/wp\/v2\/pages\/621\/revisions\/1006"}],"wp:attachment":[{"href":"https:\/\/capponline.net\/w\/wp-json\/wp\/v2\/media?parent=621"}],"curies":[{"name":"wp","href":"https:\/\/api.w.org\/{rel}","templated":true}]}}