{"id":693,"date":"2025-02-10T12:08:36","date_gmt":"2025-02-10T11:08:36","guid":{"rendered":"http:\/\/capponline.net\/w\/?page_id=693"},"modified":"2025-02-10T12:08:36","modified_gmt":"2025-02-10T11:08:36","slug":"esperienza","status":"publish","type":"page","link":"https:\/\/capponline.net\/w\/esperienza\/","title":{"rendered":"Esperienza"},"content":{"rendered":"\n<p>Dalla data di costituzione (1990) al 1995 la CAPP ha svolto prevalentemente attivit\u00e0 di assistenza domiciliare infermieristica sul territorio del Distretto Sanitario n.30 di Patti.<\/p>\n\n\n\n<p>Nel periodo dal 1996 ad oggi ha svolto le seguenti attivit\u00e0:<\/p>\n\n\n\n<p>\u2022&nbsp;&nbsp; &nbsp;Dal 1993 al 2000 \u2013 assistenza medico infermieristica presso la casa di riposo per anziani Opera Pia Cortese Capizzi Basile di S. Angelo di Brolo nel periodo con un numero di assistiti variabile da 50 a 70 e con il seguente personale: n. 4 Infermieri Professionali , n. 1 Assistente Sociale, n. 1 Animatore, n. 1 terapista della riabilitazione, n. 1 Medico Specialista Geriatra, n. 1 Medico Generico.<br>\u2022&nbsp;&nbsp; &nbsp;Dal 1997 al 2000 \u2013 Servizio di Assistenza Igienico Sanitaria presso le scuole elementari e medie in convenzione con il comune di Oliveri.<br>\u2022&nbsp;&nbsp; &nbsp;Dal 1997 al 2006 \u2013 Servizio di Assistenza socio \u2013 sanitaria presso le scuole elementari e medie in convenzione con il comune di Raccuja.<br>\u2022&nbsp;&nbsp; &nbsp;Dal 1997 al 2006 \u2013 Servizio di Assistenza domiciliare agli anziani in convenzione con il comune di Raccuja.<br>\u2022&nbsp;&nbsp; &nbsp;Dal 04 dicembre 1997 al 06 luglio 1998 \u2013 Servizio di Assistenza domiciliare agli anziani in convenzione con il comune di Montagnareale.<br>\u2022&nbsp;&nbsp; &nbsp;Dal 19 dicembre 1997 al 11 gennaio 1998 \u2013 Servizio di Assistenza igienico \u2013 sanitaria a soggetto affetto da sclerosi multipla in convenzione con il comune di Patti.<br>\u2022&nbsp;&nbsp; &nbsp;Dal 24 agosto 1998 al 24 dicembre 1998 \u2013 Servizio di Assistenza domiciliare ai disabili in convenzione con il comune di Capo d\u2019Orlando.<br>\u2022&nbsp;&nbsp; &nbsp;Dal 14 dicembre 1998 al 05 luglio 1999 \u2013 Servizio di Assistenza domiciliare agli anziani in convenzione con il comune di Montagnareale.<br>\u2022&nbsp;&nbsp; &nbsp;Dal 15 novembre 1999 al 29 febbraio 2000 \u2013 Servizio di Assistenza domiciliare agli anziani in convenzione con il comune di Montagnareale.<br>\u2022&nbsp;&nbsp; &nbsp;Anno scolastico 1999\/2000 \u2013 Servizio di Assistenza igienico \u2013 sanitaria presso le scuole dell\u2019obbligo in convenzione con il comune di Patti.<br>\u2022&nbsp;&nbsp; &nbsp;Dal mese di agosto 1999 al 21 novembre 2009 \u2013 Assistenza Domiciliare Riabilitativa a Neuromotulesi in convenzione con l\u2019A.U.S.L. n. 5 di Messina per n. 38 prestazioni giornaliere.<br>\u2022&nbsp;&nbsp; &nbsp;Dal 1999 al 21 novembre 2009 \u2013 Attivit\u00e0 di riabilitazione ambulatoriale, presso la sede di Patti, rivolta sia a soggetti adulti che bambini che adolescenti, sia su richiesta dei medici di base che su prescrizione specialistica.<br>\u2022&nbsp;&nbsp; &nbsp;Anno scolastico 2000\/2001 \u2013 Servizio di Assistenza igienico \u2013 sanitaria presso le scuole dell\u2019obbligo in convenzione con il comune di Patti.<br>\u2022&nbsp;&nbsp; &nbsp;Dal mese di dicembre 2000 ad oggi \u2013 Assistenza Domiciliare Riabilitativa a Neuromotulesi in convenzione con l\u2019A.U.S.L. n. 6 di Palermo per n. 38 prestazioni giornaliere. Dal giugno 2009 le prestazioni giornaliere erogate sono n.47.<br>\u2022&nbsp;&nbsp; &nbsp;Dal 01 luglio 2001 al 31 dicembre 2002 \u2013 Servizio di Assistenza igienico \u2013 sanitaria a soggetto affetto da sclerosi multipla in convenzione con il comune di Patti.<br>\u2022&nbsp;&nbsp; &nbsp;Dal mese di luglio 2001 ad oggi \u2013 Assistenza Domiciliare Riabilitativa a Neuromotulesi in convenzione con l\u2019A.U.S.L. n. 1 di Agrigento per n. 19 prestazioni giornaliere.<br>\u2022&nbsp;&nbsp; &nbsp;Dal 2002 al 2005 \u2013 Collaborazione con il Ministero di Grazia e Giustizia per il recupero e il reinserimento di minori rientranti nel programma socio educativo DPR 44,8\/88.<br>\u2022&nbsp;&nbsp; &nbsp;Anno scolastico 2002\/2003 \u2013 Servizio di Assistenza igienico \u2013 sanitaria presso le scuole dell\u2019obbligo in convenzione con il comune di Patti.<br>\u2022&nbsp;&nbsp; &nbsp;Anno scolastico 2003\/2004 \u2013 Servizio di Assistenza igienico \u2013 sanitaria presso le scuole dell\u2019obbligo in convenzione con il comune di Patti.<br>\u2022&nbsp;&nbsp; &nbsp;Dal 2003 ad oggi \u2013 sviluppo del Turismo accessibile:<br>\u2022&nbsp;&nbsp; &nbsp;Maggio 2003 &#8211; presentazione di due itinerari turistici accessibili nella citt\u00e0 di Palermo;<br>\u2022&nbsp;&nbsp; &nbsp;Giugno 2003 &#8211; organizzazione di una visita turistica guidata al Duomo di Monreale(PA), con la partecipazione degli Utenti del Servizio di Assistenza Riabilitativa e loro familiari;<br>\u2022&nbsp;&nbsp; &nbsp;Maggio 2004 \u2013 organizzazione ad Agrigento del&nbsp; Convegno sul Turismo Accessibile \u201cPer Tutti una Valle incantata &#8211; Prospettive sociali e sviluppi economici di una nuova cultura nel turismo\u201d, in collaborazione del Laboratorio Nazionale sul turismo Accessibile Si Pu\u00f2\u201d;<br>\u2022&nbsp;&nbsp; &nbsp;Dicembre 2004 &#8211; presentazione del \u201cManifesto di Agrigento &#8211; principi per la realizzazione di un sistema turistico per tutti\u201d elaborato insieme alla Federazione Italiana per il Superamento dell\u2019Handicap e al Laboratorio Si Pu\u00f2;<br>\u2022&nbsp;&nbsp; &nbsp;Febbraio &#8211; maggio 2005 &#8211; realizzazione progetti \u201cAgrigento per Tutti\u201d insieme all\u2019Istituto Commerciale \u201cLeonardo Sciascia\u201ddi Agrigento, all\u2019I.P.S.C.T. \u201cN. Gallo\u201ddi Agrigento e Liceo Scientifico \u201cMajorana\u201d di Agrigento e all\u2019Assessorato Regionale ai BB.CC.AA., con la presentazione di itinerari nel centro storico e nella Valle dei Templi di Agrigento;<br>\u2022&nbsp;&nbsp; &nbsp;Maggio 2007- organizzazione, insieme alla Soprintendenza ai beni culturali e ambientali di Agrigento e al Comune di Licata, della giornata \u201cC\u2019\u00e8 l\u2019Arte per Tutti\u201d, visita guidata ad alcuni monumenti storici di Licata per persone con disabilit\u00e0 motoria;<br>\u2022&nbsp;&nbsp; &nbsp;Dal 2007 \u2013 socio del Consorzio Turistico Valle dei Templi di Agrigento.<br>\u2022&nbsp;&nbsp; &nbsp;Dal gennaio 2004&nbsp; al dicembre 2004 \u2013 gestione del Centro Diurno \u201cLa Gabbianella\u201d, in ATS con l\u2019A.Fa.D.i (Associazione Famiglie Disabili), in prevalenza avente come destinatari minori con disabilit\u00e0 medio-gravi e famiglie. Attivit\u00e0 del Centro in favore dei minori: Laboratorio Manipolativo e grafico pittorico; Laboratorio di Informatica; Laboratorio teatrale; Laboratorio di Danza-movimento; Laboratorio artigianale; Psicomotricit\u00e0; Logopedia; Attivit\u00e0 sportiva; Attivit\u00e0 all\u2019aperto; Ludoteca-Sala studio. Attivit\u00e0 del Centro in favore delle famiglie: Gruppo di aiuto-aiuto; laboratorio di Danza-movimento; Laboratorio creativo.<br>\u2022&nbsp;&nbsp; &nbsp;Dal 01 marzo 2004 al 17 aprile 2005 \u2013 Progetto \u201cSollievo\u201d: Servizio di Assistenza Domiciliare a Portatori di Handicap gravi ai sensi dell\u2019art. 3 comma 2 legge 104\/92, nei comuni di Sinagra, Raccuja e S. Angelo di Brolo.<br>\u2022&nbsp;&nbsp; &nbsp;Anno scolastico 2004\/2005 \u2013 Servizio di Assistenza igienico \u2013 sanitaria presso le scuole dell\u2019obbligo in convenzione con il comune di Patti.<br>\u2022&nbsp;&nbsp; &nbsp;Anno 2005 \u2013 Progetto di \u201cAssistenza domiciliare a minori legge 328\/00 PdZ D30\u201d in convenzione con il comune di Raccuja.<br>\u2022&nbsp;&nbsp; &nbsp;Dal 14 febbraio 2005 al 14 dicembre 2005 \u2013 \u201cProgetto Nemo\u201d \/ Centro Diurno Polivalente nel Comune di Castellana Sicula (PA). Cofinanziato dall\u2019Assessorato Regionale per la Famiglia con D. A. 561 del 09\/03\/2004.<br>\u2022&nbsp;&nbsp; &nbsp;Dal 09 marzo 2006 al 13 ottobre 2006 \u2013 Servizio di Assistenza domiciliare ai disabili in convenzione con il comune di Montagnareale.<br>\u2022&nbsp;&nbsp; &nbsp;Dal 08 giugno 2006 al 31 dicembre 2006 \u2013 Servizio di assistenza domiciliare a soggetti affetti da cerebropatia in convenzione con il comune di Ucria.<br>\u2022&nbsp;&nbsp; &nbsp;Dal 21\/11\/2005 \u2013 Progetto \u201cRealizzazione del sistema informativo di gestione delle informazioni socio sanitarie per la riabilitazione in modalit\u00e0 Web della CAPP\u201d, con D.A. n\u00b0 3828 del 21\/11\/2005.<br>\u2022&nbsp;&nbsp; &nbsp;Dal 13\/04\/2006&nbsp; &#8211;&nbsp; Accreditamento delle sedi orientative e formative degli organismi operanti nel territorio della Regione Siciliana ai sensi del D.A. n. 1037\/2006.<br>\u2022&nbsp;&nbsp; &nbsp;Dal 02 ottobre 2006 al 02 ottobre 2007 \u2013 Progetto di Servizio Civile Nazionale \u201cLiberiamo il Tempo\u201d per le sedi di Palermo, Agrigento e Patti.<br>\u2022&nbsp;&nbsp; &nbsp;Dal 2006 al 2007 &#8211; Progetto di Servizio Civile nazionale \u201cLiberiamo il Tempo\u201d.<br>\u2022&nbsp;&nbsp; &nbsp;Dal gennaio 2007 \u2013 \u201cProgetto Virt\u00f9 della Geromotricit\u00e0\u201d con Convenzione Privata tra la CAPP e la Casa di riposo Opera Pia Maria Maddalena di S.Ninfa (TP).<br>\u2022&nbsp;&nbsp; &nbsp;Dal 02 aprile 2007 al 28 luglio 2007 \u2013 \u201cProgetto GIOVANI DENTRO\u201d, presso la sezione operativa di Santa Ninfa, finanziato dall\u2019Assessorato Regionale della Famiglia, delle politiche sociali e delle Autonomie Locali legge Reg. n. 11 del 6\/2\/2006.<br>\u2022&nbsp;&nbsp; &nbsp;Dal 29\/05\/2007 \u2013 Progetto di Servizio Civile Nazionale \u201cIl Mondo con noi\u201d per le sedi di Palermo e&nbsp; Agrigento.<br>\u2022&nbsp;&nbsp; &nbsp;Dal 01 ottobre 2007 al 31 maggio 2008 \u2013 Progetto di rete \u201cPOSSO FARCELA\u201d Distretto Socio-Sanitario D 30 Comune Capofila \u2013 Patti.<br>\u2022&nbsp;&nbsp; &nbsp;Dal 2007 al 2008 &#8211; Progetto di Servizio Civile nazionale \u201cIl mondo con noi\u201d.<br>\u2022&nbsp;&nbsp; &nbsp;Dal 05 maggio 2008 al 31 marzo 2009 \u2013 Servizio di Assistenza domiciliare agli anziani in convenzione con il comune di Montagnareale.<br>\u2022&nbsp;&nbsp; &nbsp;Dal 13 maggio 2008 al 31 maggio 2009 \u2013 Progetto di rete \u201cCENTRO POLIFUNZIONALE D\u2019INFORMATICA\u201d comune di Brolo &#8211; Distretto D30 comune Capofila Patti.<br>\u2022&nbsp;&nbsp; &nbsp;Dal 09 luglio 2008 al 05 agosto 2008 \u2013 Progetto di rete tra i Comuni di Patti e Oliveri per la Colonia Estiva 2008 nell\u2019ambito dell\u2019area minori.<br>\u2022&nbsp;&nbsp; &nbsp;Dal 06 ottobre 2008 al giugno 2011 \u2013 Progetto \u201cCentro d\u2019eccellenza \u2013 Ambulatorio di prestazioni riabilitative Talit\u00e0 Cum\u201d inserito nel Piano di Zona del Distretto Socio -Sanitario n.33 \u2013 Cefal\u00f9 (PA) &#8211; ai sensi della Legge 8 Novembre 2000 n. 328.<br>\u2022&nbsp;&nbsp; &nbsp;Dal 04 giugno 2009 al 05 novembre 2009 \u2013 Servizio di Assistenza domiciliare agli anziani in convenzione con il comune di Montagnareale.<br>\u2022&nbsp;&nbsp; &nbsp;Dal 26 gennaio 2009 al 27 febbraio 2010 \u2013 Servizio di Assistenza Domiciliare anziani, minori, diversamente abili e nuclei in difficolt\u00e0 in convenzione con il Comune di San Piero Patti.<br>\u2022&nbsp;&nbsp; &nbsp;Dal 21 ottobre 2009 Accreditamento per l\u2019iscrizione alla 4^ classe dell\u2019albo regionale degli enti di Servizio Civile Nazionale per le 5 sedi di attuazione.<br>\u2022&nbsp;&nbsp; &nbsp;Dal dicembre 2009 a dicembre 2010 aumento di numero cinque prestazioni riabilitative, nell\u2019ambito del Servizio di Assistenza Riabilitativa Domiciliare in convenzione con l\u2019ASP di Palermo per un progetto sperimentale denominato \u201cProgetto prevenzione secondaria dello Stroke\u201d avente le stesse caratteristiche organizzativo-gestionali ma riservata agli Utenti affetti dalla suddetta patologia neurologica.<br>\u2022&nbsp;&nbsp; &nbsp;Dal 2011 al 2012 Affidamento del servizio \u201cAssitenza specialistica per alunni disabili per il Comune di Palermo &#8211; Settore Servizi Educativi.<br>\u2022&nbsp;&nbsp;&nbsp; Dal 3 settembre 2012 al 2 settembre 2013 \u2013 Progetto di Servizio Civile Nazionale \u201cProgetto Nemo\u201d a favore di 14 volontari per le sedi di Palermo, Agrigento.<br>\u2022&nbsp;&nbsp; &nbsp;Dal 2012 al 2013 &#8211; Progetto di Servizio Civile nazionale \u201cNemo\u201d.<br>\u2022&nbsp;&nbsp;&nbsp; Dal 16\/05\/13 ad oggi &#8211;&nbsp; Accreditamento per l\u2019erogazioni di prestazioni socio &#8211; assistenziali di ADI&nbsp; nel D.S.S.42 della Regione Sicilia\u201d e Servizio per soggetti affetti da Demenza di Alzheimer, nei Comuni di Palermo \u2013 Monreale &#8211; Piana degli Albanesi &#8211; S. Cristina Gela.<br>\u2022&nbsp;&nbsp; &nbsp;Dal 01\/06\/2013 al 31\/12\/2013 &#8211; Accreditamento con il Distretto Socio-Sanitario D1 Agrigento &#8211; Assistenza Domiciliare Anziani.<br>\u2022&nbsp;&nbsp; &nbsp;Dal 01\/07\/2013 al 31\/12\/13 &#8211; Accreditamento con il Distretto Socio-Sanitario D1 Agrigento &#8211; Buono Socio-Sanitario 2011.<br>\u2022&nbsp;&nbsp; &nbsp;Dal 2013 al 2015 &#8211; Progetto \u201cOrione\u201d per la realizzazione di un percorso sperimentale di mappe tattili per ciechi ed ipovedenti nella Valle dei templi di Agrigento.<br>\u2022&nbsp;&nbsp; &nbsp;Dal 18\/09\/13 ad oggi&nbsp; &#8211; Accreditamento per la gestione dell\u2019assistenza domiciliare per malati di Alzheimer e demenza senile nel DSS 42 della Regione Sicilia, ai sensi della legge 328\/2000. Dal novembre 2013 ad oggi&nbsp; avvio e gestione del Servizio oggetto dell\u2019Accreditamento.<br>\u2022&nbsp;&nbsp; &nbsp;Dal 16\/05\/2013 ad oggi&nbsp; &#8211; Accreditamento per la gestione del S.A.D. nel D.S.S.42 della Regione Sicilia\u201d nel Comune di PALERMO. Dal giugno 2013&nbsp; avvio e gestione del Servizio oggetto dell\u2019Accreditamento.<br>\u2022&nbsp;&nbsp; &nbsp;Dal 20\/03\/2014 ad oggi \u201cProgetto Formativo \u2013 Programma AMVA \u2013 giovani laureati Neet\u201d.<br>\u2022&nbsp;&nbsp; &nbsp;Da aprile ad ottobre 2014 &#8211; Progetto NEET Italia Lavoro.<br>\u2022&nbsp;&nbsp; &nbsp;Da Giugno 2014 a Maggio 2016 &#8211; Progetto \u201cAbbattimento del disagio, delle barriere e dei pregiudizi sull\u2019Alzheimer, aiuto riabilitativo attraverso l\u2019offerta dei servizi ed il coinvolgimento delle famiglie\u201d Distretto Socio-sanitario D1 Agrigento &#8211; Piano di zona 2010-2012.<br>\u2022&nbsp;&nbsp; &nbsp;Dal 2014 al 2015 &#8211; Progetto di Servizio Civile nazionale \u201cTalita Cum\u201d.<br>\u2022&nbsp;&nbsp; &nbsp;Da Settembre 2014 a Gennaio 2015 &#8211; Servizio Assistenza Domiciliare per&nbsp; Anziani (ADA) &#8211; P.A.C. Anziani &#8211; Lotto Nord.<br>\u2022&nbsp;&nbsp; &nbsp;Da Settembre 2014 a Luglio 2015 &#8211; Accreditamento con il Distretto Socio-Sanitario D1 Agrigento &#8211; Assistenza Domiciliare Anziani.<br>\u2022&nbsp;&nbsp; &nbsp;Dal 15\/12\/2014 al 09\/02\/2015 &#8211; \u201cServizio di Assistenza di Base e Specialistica agli alunni disabili\u201d presso il Comune di Capaci (PA).<br>\u2022&nbsp;&nbsp; &nbsp;Da Agosto 2015 ad oggi &#8211; Accreditamento con il Distretto Socio-sanitario D1 Agrigento &#8211; Assistenza Domiciliare Disabili Gravissimi.<br>\u2022&nbsp;&nbsp; &nbsp;Da Agosto 2015 &#8211;&nbsp;Assistenza Domiciliare Riabilitativa L. 104\/92 in convenzione con l\u2019A.S.P. n. 6 di Palermo per n. 66 prestazioni giornaliere.&nbsp;<br>\u2022&nbsp;&nbsp; &nbsp;Dal settembre 2015 ad oggi &#8211; Progetto di Servizio Civile nazionale \u201cOdigitria\u201d.<br>\u2022&nbsp;&nbsp; &nbsp;Settembre 2015 &#8211; Accreditamento con il Comune di Agrigento per il servizio di assistenza all\u2019autonomia e comunicazione e servizio assistenza igienico-personale alunni H delle scuole dell\u2019infanzia, primaria e secondaria di primo grado.<br>\u2022&nbsp;&nbsp; &nbsp;Settembre 2015 &#8211; Accreditamento con il Comune di Ribera per il servizio di assistenza all\u2019autonomia e comunicazione alunni disabili.<br>\u2022&nbsp;&nbsp; &nbsp;Dicembre 2015 &#8211; Accreditamento con il Distretto Socio-Sanitario D1 Agrigento \u2013 Assistenza Domiciliare Anziani.<br>\u2022&nbsp;&nbsp; &nbsp;Da Gennaio 2016 ad oggi &#8211; Accreditamento con il Distretto Socio-Sanitario D3 Ribera \u2013 Assistenza Domiciliare Disabili Gravissimi.<br>\u2022&nbsp;&nbsp; &nbsp;Marzo 2016 &#8211; Accreditamento con il Distretto Socio-Sanitario D3 Ribera \u2013 Assistenza Domiciliare Anziani non autosufficienti.<\/p>\n\n\n\n<p><\/p>\n\n\n\n<p class=\"has-small-font-size\"><em>(In aggiornamento)<\/em><\/p>\n","protected":false},"excerpt":{"rendered":"<p>Dalla data di costituzione (1990) al 1995 la CAPP ha svolto prevalentemente attivit\u00e0 di assistenza domiciliare infermieristica sul territorio del Distretto Sanitario n.30 di Patti. Nel periodo dal 1996 ad oggi ha svolto le seguenti attivit\u00e0: \u2022&nbsp;&nbsp; &nbsp;Dal 1993 al 2000 \u2013 assistenza medico infermieristica presso la casa di riposo per anziani Opera Pia Cortese [&hellip;]<\/p>\n","protected":false},"author":1,"featured_media":0,"parent":0,"menu_order":0,"comment_status":"closed","ping_status":"closed","template":"","meta":{"footnotes":""},"class_list":["post-693","page","type-page","status-publish","hentry"],"_links":{"self":[{"href":"https:\/\/capponline.net\/w\/wp-json\/wp\/v2\/pages\/693","targetHints":{"allow":["GET"]}}],"collection":[{"href":"https:\/\/capponline.net\/w\/wp-json\/wp\/v2\/pages"}],"about":[{"href":"https:\/\/capponline.net\/w\/wp-json\/wp\/v2\/types\/page"}],"author":[{"embeddable":true,"href":"https:\/\/capponline.net\/w\/wp-json\/wp\/v2\/users\/1"}],"replies":[{"embeddable":true,"href":"https:\/\/capponline.net\/w\/wp-json\/wp\/v2\/comments?post=693"}],"version-history":[{"count":1,"href":"https:\/\/capponline.net\/w\/wp-json\/wp\/v2\/pages\/693\/revisions"}],"predecessor-version":[{"id":696,"href":"https:\/\/capponline.net\/w\/wp-json\/wp\/v2\/pages\/693\/revisions\/696"}],"wp:attachment":[{"href":"https:\/\/capponline.net\/w\/wp-json\/wp\/v2\/media?parent=693"}],"curies":[{"name":"wp","href":"https:\/\/api.w.org\/{rel}","templated":true}]}}