{"id":710,"date":"2025-02-10T13:09:45","date_gmt":"2025-02-10T12:09:45","guid":{"rendered":"http:\/\/capponline.net\/w\/?page_id=710"},"modified":"2025-03-13T19:25:21","modified_gmt":"2025-03-13T18:25:21","slug":"informativa-videosorveglianza","status":"publish","type":"page","link":"https:\/\/capponline.net\/w\/informativa-videosorveglianza\/","title":{"rendered":"Informativa Videosorveglianza"},"content":{"rendered":"\n<h4 class=\"wp-block-heading\"><em>Informativa relativa al trattamento dei dati personali in relazione all&#8217;utilizzo di impianti di videosorveglianza<br><br><\/em><em>(redatta ai sensi dell\u2019art. 13 del Reg. UE\/2016\/679 &#8211; GDPR)<\/em><\/h4>\n\n\n\n<p>Il Regolamento Generale sulla Protezione dei Dati personali (Reg. UE 679\/2016 del 27 aprile 2016) relativo alla protezione delle persone fisiche con riguardo al trattamento e alla libera circolazione dei dati particolari, indicato successivamente anche come \u201cGDPR\u201d, ha la finalit\u00e0 di garantire che il trattamento dei dati si svolga nel rispetto dei diritti, delle libert\u00e0 fondamentali, nonch\u00e9 della dignit\u00e0 delle persone fisiche, con particolare riferimento alla riservatezza e all\u2019identit\u00e0 personale.<\/p>\n\n\n\n<p>Ai sensi dell\u2019art. 13 del Regolamento UE 16\/679 ed in conformit\u00e0 al Provvedimento dell\u20198 aprile 2010 adottato dal Garante per la protezione dei dati personali (\u201cGarante\u201d) e alle Linee guida 3\/2019 sul trattamento dei dati personali attraverso dispositivi video adottate il 29 gennaio 2020 dal Comitato europeo per la protezione dei dati (\u201cEDPB\u201d), in merito a finalit\u00e0 e modalit\u00e0 del trattamento dei dati raccolti mediante l\u2019impianto di videosorveglianza a circuito chiuso (l\u2019\u201cImpianto\u201d) installato presso la sede della <strong>CAPP Cooperativa Sociale<\/strong>, si forniscono le seguenti informazioni in merito al trattamento dei dati personali effettuato mediante l\u2019uso dei sistemi di videosorveglianza attivi.<\/p>\n\n\n\n<p>I dati personali a lei riferiti e acquisiti dalla <strong>CAPP Cooperativa Sociale<\/strong>&nbsp;saranno oggetto di trattamento nel rispetto della normativa prevista dal GDPR nel rispetto dei suddetti diritti e obblighi conseguenti.<\/p>\n\n\n\n<p>La presente informativa integra l\u2019informativa semplificata fornita agli interessati tramite i cartelli posti prima del raggio d\u2019azione delle telecamere di videosorveglianza installate dalla <strong>CAPP Cooperativa Sociale<\/strong>.<\/p>\n\n\n\n<h3 class=\"wp-block-heading\">Titolare del trattamento<\/h3>\n\n\n\n<p>Titolare del trattamento \u00e8 il Presidente consiglio amministrazione (o i suoi Procuratori\/Procuratori Speciali) (art. 24 Reg. UE 2016\/679), quale rappresentante legale della <strong>CAPP Cooperativa Sociale<\/strong>, che riveste anche il duplice ruolo di responsabile del trattamento dei dati (art. 28 Reg. UE 2016\/679) relativamente a tutte le attivit\u00e0 svolte per la gestione aziendale, contattabile ai seguenti indirizzi:<br><\/p>\n\n\n\n<p><strong>CAPP Cooperativa Sociale<\/strong><\/p>\n\n\n\n<p>Sede legale: Via Marchese di Villabianca, 120 \u2022 90143 Palermo<br>Email: <a href=\"mailto:palermo@capponline.net\">palermo@capponline.net<\/a><\/p>\n\n\n\n<p>Sede di Agrigento, via Matteo Cimarra, 38 \u2022 92100 Agrigento<br>Email: <a href=\"mailto:agrigento@capponline.net\">agrigento@capponline.net<\/a><\/p>\n\n\n\n<h3 class=\"wp-block-heading\">Responsabile della protezione dei dati ex art. 37 del gdpr 679\/2016&nbsp;<\/h3>\n\n\n\n<p>Il Responsabile della protezione dei dati personali \u00e8 il Dott. Maurizio Provenzano, contattabile all\u2019indirizzo di posta elettronica: <a href=\"mailto:rpd@capponline.net\" target=\"_blank\" rel=\"noreferrer noopener\">rpd@capponline.net<\/a><\/p>\n\n\n\n<h3 class=\"wp-block-heading\">Tipologie di dati raccolti<\/h3>\n\n\n\n<p>I Suoi dati personali trattati dalla <strong>CAPP Cooperativa Sociale<\/strong>, utilizzando sistemi di videosorveglianza installati presso la sua sede, corrispondono a immagini che eventualmente possono raffigurarLa laddove Lei entri nel raggio d\u2019azione delle videocamere di sorveglianza.<\/p>\n\n\n\n<h3 class=\"wp-block-heading\">Finalit\u00e0 del trattamento e base giuridica<\/h3>\n\n\n\n<p>Il trattamento dei Suoi dati personali viene effettuato esclusivamente per finalit\u00e0 di sicurezza in base a quanto previsto dal GDPR e dal Provvedimento dell\u2019Autorit\u00e0 Garante per la protezione dei dati personali in materia di videosorveglianza dell\u20198 aprile 2010, ed in particolare, \u00e8 necessario per garantire la sicurezza e la tutela del patrimonio aziendale da atti lesivi o da altri fatti penalmente rilevanti, nonch\u00e9 l\u2019incolumit\u00e0 e la sicurezza delle persone che svolgono le proprie attivit\u00e0 lavorative presso la sede della <strong>CAPP Cooperativa Sociale<\/strong>.<\/p>\n\n\n\n<p>Il trattamento non ha alcuna finalit\u00e0 di controllo a distanza dei lavoratori e le immagini acquisite non saranno utilizzate in alcun modo nell\u2019ambito di procedimenti disciplinari a carico dei lavoratori.<\/p>\n\n\n\n<p>La base giuridica di tale trattamento \u00e8 rinvenibile nel perseguimento del legittimo interesse del Titolare ai sensi dell\u2019art. 6, comma 1, lett. f) del GDPR.<\/p>\n\n\n\n<h3 class=\"wp-block-heading\">Localizzazione del trattamento dei dati personali<\/h3>\n\n\n\n<p>Le immagini saranno trattate presso la sede della<strong> CAPP Cooperativa Sociale<\/strong>. I dati non sono oggetto di trasferimento al di fuori dell\u2019Unione Europea.<\/p>\n\n\n\n<p>Le telecamere sono segnalate mediante cartelli affissi nelle aree di accesso alle zone oggetto di controllo e in prossimit\u00e0 della loro installazione e sono posizionate in ambiti che si \u00e8 ritenuto necessario monitorare per specifiche finalit\u00e0 di tutela. I predetti sistemi di videosorveglianza sono infatti finalizzati a prevenire atti vandalici o comportamenti a pregiudizio di beni e\/o persone presenti presso le aree che si \u00e8 inteso monitorare. Il trattamento \u00e8 giustificato dal perseguimento di un legittimo interesse dei titolari del trattamento.&nbsp;<\/p>\n\n\n\n<h3 class=\"wp-block-heading\">Modalit\u00e0 di raccolta<\/h3>\n\n\n\n<p>Il titolare si impegna a non effettuare riprese che non siano strettamente funzionali alle finalit\u00e0 sopra descritte. I predetti sistemi di videosorveglianza consistono in telecamere attive 24\/24 collocate a presidio di alcune zone ritenute particolarmente sensibili. La planimetria \u00e8 agli atti.&nbsp;<\/p>\n\n\n\n<p>Le immagini acquisite non saranno mai diffuse, fatta eccezione per la loro eventuale richiesta da parte di Pubbliche Autorit\u00e0 a ci\u00f2 titolate. Le stesse saranno registrate e conservate per il termine massimo di 72 ore su un dispositivo dotato di adeguate misure di sicurezza per ridurre al minimo i rischi di distruzione, di perdita, di accesso non autorizzato, di trattamento non consentito o non conforme alle finalit\u00e0 di raccolta e collocato&nbsp; in un luogo accessibile solo a personale autorizzato e trattate nel pieno rispetto delle norme di legge, secondo i principi di liceit\u00e0, necessit\u00e0, finalit\u00e0, pertinenza e non eccedenza rispetto alle finalit\u00e0 per le quali le immagini vengono trattate. Il trattamento delle immagini, compresa la loro cancellazione, viene effettuato utilizzando misure di sicurezza atte a garantire la riservatezza del soggetto interessato cui i dati si riferiscono e ad evitare l\u2019indebito accesso a soggetti terzi o a personale non autorizzato, in conformit\u00e0 alle prescrizioni dettate dall\u2019Autorit\u00e0 Garante per la protezione dei dati personali con il citato Provvedimento in materia di videosorveglianza dell\u20198 aprile 2010. Nessuna delle telecamere associa alle immagini raccolte altri dati personali (p.es. dati biometrici) e non vengono utilizzati software c.d. intelligenti che permettono il riconoscimento della persona tramite collegamento delle immagini rilevate (es. morfologia del volto) con altri specifici dati personali o con una campionatura precostituita alla rilevazione medesima.<\/p>\n\n\n\n<p>I dati vengono trattati nel rispetto delle misure di sicurezza tecniche e organizzative previste dal Regolamento UE attraverso procedure adeguate a garantire a riservatezza degli stessi. Tutti i dati conferiti sono trattati secondo i principi di correttezza, liceit\u00e0 e trasparenza sia in forma cartacea che elettronica e protetti mediante misure tecniche e organizzative per assicurare idonei livelli di sicurezza ai sensi degli artt. 25 e 32 del GDPR.<\/p>\n\n\n\n<h3 class=\"wp-block-heading\">Durata del trattamento e periodo di conservazione<\/h3>\n\n\n\n<p>Le immagini registrate sono conservate per massimo 72 ore ad esclusione di eventuali diverse indicazioni formulate da parte dell\u2019autorit\u00e0 di pubblica sicurezza. Al termine del periodo stabilito il sistema di video registrazione provvede in automatico alla loro cancellazione mediante sovra-registrazione, con modalit\u00e0 tali da rendere non utilizzabili i dati cancellati.<\/p>\n\n\n\n<h3 class=\"wp-block-heading\">Natura del conferimento dei dati<\/h3>\n\n\n\n<p>La rilevazione delle immagini pu\u00f2 avvenire senza il consenso dell\u2019interessato, secondo quanto previsto dal Provvedimento in materia di video sorveglianza del 2010 (punto 6.2.2) che d\u00e0 attuazione all\u2019istituto del bilanciamento degli interessi.<\/p>\n\n\n\n<h3 class=\"wp-block-heading\">Comunicazione dei dati<\/h3>\n\n\n\n<p>I dati non sono oggetto n\u00e9 di comunicazione n\u00e9 di diffusione ad eccezione di eventuali richieste ricevute da parte dell\u2019Autorit\u00e0 giudiziaria o di Forze dell\u2019Ordine. I dati possono essere conosciuti dal titolare, dai responsabili del trattamento, dagli incaricati del trattamento appositamente istruiti. Oltre ai soggetti appena specificati i dati conferiti potranno essere trattati da parte di soggetti terzi, nominati responsabili del trattamento nella misura in cui ci\u00f2 sia necessario per l\u2019espletamento dell\u2019attivit\u00e0 da essi svolta a favore della <strong>CAPP Cooperativa Sociale<\/strong>&nbsp;(manutenzione dell\u2019impianto) e nei limiti dei profili di autorizzazione per essi individuati, il cui elenco \u00e8 disponibile presso gli uffici della <strong>CAPP Cooperativa Sociale<\/strong>. I dati comunicati non saranno trasferiti verso Paesi Terzi o organizzazioni internazionali extra UE.<\/p>\n\n\n\n<h3 class=\"wp-block-heading\">Processo decisionale automatizzato<\/h3>\n\n\n\n<p>I Suoi dati non verranno in nessun caso utilizzati per ottenere informazioni relative alle Sue preferenze o al Suo comportamento n\u00e9 Lei sar\u00e0 sottoposto ad alcuna decisione basata unicamente sul trattamento automatizzato dei Suoi dati personali.<\/p>\n\n\n\n<h3 class=\"wp-block-heading\">Autorizzazione al trattamento<\/h3>\n\n\n\n<p>Al fine di garantire la massima trasparenza nel trattamento dei dati raccolti dall\u2019impianto di videosorveglianza e nel rispetto dei principi di correttezza e liceit\u00e0, lo stesso impianto \u00e8 stato autorizzato dal competente Ispettorato Territoriale del Lavoro.<\/p>\n\n\n\n<h3 class=\"wp-block-heading\">Diritti degli interessati<\/h3>\n\n\n\n<p>In qualit\u00e0 di soggetto interessato nell\u2019ambito del trattamento dei dati personali, il GDPR Le conferisce l\u2019esercizio di specifici diritti. In particolare, Lei ha il diritto di ottenere dal Titolare:<\/p>\n\n\n\n<p>\u2022la conferma che sia o meno in corso un trattamento di dati personali che lo riguardano e in tal caso, di ottenere l\u2019accesso ai dati personali e alle informazioni riguardanti il trattamento;<\/p>\n\n\n\n<p>\u2022la cancellazione dei Suoi dati senza ingiustificato ritardo, se sussiste uno dei motivi previsti dall\u2019art. 17 del GDPR;<\/p>\n\n\n\n<p>\u2022la limitazione del trattamento dei Suoi dati quando ricorre una delle ipotesi previste dall\u2019art. 18 del GDPR;<\/p>\n\n\n\n<p>\u2022il diritto di ricevere in un formato strutturato, di uso comune e leggibile da dispositivo automatico i dati personali che lo riguardano forniti a un titolare del trattamento e ha il diritto di trasmettere tali dati a un altro titolare del trattamento senza impedimenti da parte del titolare del trattamento cui li ha forniti. Inoltre, Lei ha il diritto di ottenere la trasmissione diretta dei dati personali da un titolare del trattamento all\u2019altro, se tecnicamente fattibile;<\/p>\n\n\n\n<p>\u2022il diritto di opporsi in qualsiasi momento, per motivi connessi alla sua situazione particolare, al trattamento dei dati personali che lo riguardano (diritto di opposizione, ex 21 GDPR)<\/p>\n\n\n\n<p>\u2022il diritto di non essere sottoposto a una decisione basata unicamente sul trattamento automatizzato, compresa la profilazione, che produca effetti giuridici che lo riguardano o che incida in modo analogo significativamente sulla sua persona;<\/p>\n\n\n\n<p>\u2022il diritto di richiedere l\u2019elenco completo ed aggiornato di tutti i Responsabili e autorizzati del trattamento dei Suoi dati personali.<\/p>\n\n\n\n<p>Pu\u00f2 esercitare i diritti sopra menzionati in qualunque momento, inviando una richiesta all\u2019indirizzo:<br><\/p>\n\n\n\n<p><strong>CAPP Cooperativa Sociale<\/strong><\/p>\n\n\n\n<p>Sede Legale: via Marchese di Villabianca, 120 \u2022 90143 Palermo<br>Email: <a href=\"mailto:palermo@capponline.net\" target=\"_blank\" rel=\"noreferrer noopener\">palermo@capponline.net<\/a><\/p>\n\n\n\n<p>Sede di Agrigento,\u00a0via Matteo Cimarra, 38\u00a0\u2022 92100 Agrigento<br>Email: <a href=\"mailto:agrigento@capponline.net\" target=\"_blank\" rel=\"noreferrer noopener\">agrigento@capponline.net<\/a><\/p>\n\n\n\n<p>Oppure rivolgendosi al responsabile della protezione dei dati personali ex art. 37 del GDPR 679\/2016&nbsp;<\/p>\n\n\n\n<p>Dott. M. Provenzano contattabile alla email: <a href=\"mailto:rpd@capponline.net\" target=\"_blank\" rel=\"noreferrer noopener\">rpd@capponline.net<\/a><\/p>\n\n\n\n<p>La contatteremo o informeremo nel pi\u00f9 breve tempo possibile e, comunque, entro trenta giorni dalla data della Sua richiesta.<\/p>\n\n\n\n<h3 class=\"wp-block-heading\">Reclami<\/h3>\n\n\n\n<p>Relativamente ai dati conferiti l\u2019interessato (o un suo rappresentante) pu\u00f2 esercitare, senza particolari formalit\u00e0, i diritti previsti dagli artt. 15 e segg. del Regolamento UE 16\/679 rivolgendosi al titolare e\/o ai responsabili per la protezione dei dati. In particolare potr\u00e0 chiedere l\u2019accesso, la rettifica, la cancellazione, la limitazione nonch\u00e9 proporre reclamo all\u2019autorit\u00e0 di controllo competente ex articolo 77 del GDPR, facendo riferimento al Garante per la protezione dei dati personali (<a href=\"mailto:garante@gpdp.it\" target=\"_blank\" rel=\"noreferrer noopener\">garante@gpdp.it<\/a> \u2013 <a href=\"mailto:protocollo@pec.gpdp.it\" target=\"_blank\" rel=\"noreferrer noopener\">protocollo@pec.gpdp.it<\/a>); nell\u2019esercizio dei diritti, l\u2019interessato pu\u00f2 conferire, per iscritto, delega o procura a persone fisiche, enti associazione od organismi.<\/p>\n\n\n\n<p>Nel caso in cui Lei reputi che sia stata commessa una violazione con riferimento al trattamento dei Suoi dati personali, ha diritto di proporre reclamo davanti all\u2019Autorit\u00e0 Garante per la protezione dei dati personali dello Stato Membro in cui risiede abitualmente, lavora, oppure del luogo in cui si \u00e8 verificata la presunta violazione.<\/p>\n","protected":false},"excerpt":{"rendered":"<p>Informativa relativa al trattamento dei dati personali in relazione all&#8217;utilizzo di impianti di videosorveglianza (redatta ai sensi dell\u2019art. 13 del Reg. UE\/2016\/679 &#8211; GDPR) Il Regolamento Generale sulla Protezione dei Dati personali (Reg. UE 679\/2016 del 27 aprile 2016) relativo alla protezione delle persone fisiche con riguardo al trattamento e alla libera circolazione dei dati [&hellip;]<\/p>\n","protected":false},"author":1,"featured_media":0,"parent":0,"menu_order":0,"comment_status":"closed","ping_status":"closed","template":"","meta":{"footnotes":""},"class_list":["post-710","page","type-page","status-publish","hentry"],"_links":{"self":[{"href":"https:\/\/capponline.net\/w\/wp-json\/wp\/v2\/pages\/710","targetHints":{"allow":["GET"]}}],"collection":[{"href":"https:\/\/capponline.net\/w\/wp-json\/wp\/v2\/pages"}],"about":[{"href":"https:\/\/capponline.net\/w\/wp-json\/wp\/v2\/types\/page"}],"author":[{"embeddable":true,"href":"https:\/\/capponline.net\/w\/wp-json\/wp\/v2\/users\/1"}],"replies":[{"embeddable":true,"href":"https:\/\/capponline.net\/w\/wp-json\/wp\/v2\/comments?post=710"}],"version-history":[{"count":3,"href":"https:\/\/capponline.net\/w\/wp-json\/wp\/v2\/pages\/710\/revisions"}],"predecessor-version":[{"id":1019,"href":"https:\/\/capponline.net\/w\/wp-json\/wp\/v2\/pages\/710\/revisions\/1019"}],"wp:attachment":[{"href":"https:\/\/capponline.net\/w\/wp-json\/wp\/v2\/media?parent=710"}],"curies":[{"name":"wp","href":"https:\/\/api.w.org\/{rel}","templated":true}]}}