{"id":723,"date":"2025-02-10T14:02:49","date_gmt":"2025-02-10T13:02:49","guid":{"rendered":"http:\/\/capponline.net\/w\/?page_id=723"},"modified":"2025-02-10T14:03:57","modified_gmt":"2025-02-10T13:03:57","slug":"dossier-sanitario-elettronico","status":"publish","type":"page","link":"https:\/\/capponline.net\/w\/dossier-sanitario-elettronico\/","title":{"rendered":"Dossier sanitario elettronico"},"content":{"rendered":"\n<h4 class=\"wp-block-heading\"><strong>Informativa e consenso per il Dossier Sanitario Elettronico<\/strong><\/h4>\n\n\n\n<p>La CAPP Cooperativa Sociale, in qualit\u00e0 di titolare del trattamento dei dati, informa i propri pazienti che al fine di migliorare il processo di cura della salute si avvale di un nuovo strumento informativo denominato&nbsp;<strong>Dossier Sanitario Elettronico<\/strong>&nbsp;(DSE). Per DSE s\u2019intende l\u2019insieme dei dati sanitari e psicosociali in formato elettronico relativi allo stato di salute del paziente, raccolti in occasione di eventi clinici presenti e passati.<\/p>\n\n\n\n<h4 class=\"wp-block-heading\"><strong>Finalit\u00e0 del trattamento attraverso DSE e sua consultazione<\/strong><\/h4>\n\n\n\n<p><em>Il DSE pu\u00f2 essere costituito esclusivamente con il consenso del paziente e le informazioni sanitarie in esso contenute o trattate sono accessibili ai soli professionisti sanitari che lo prendono in cura.<\/em><\/p>\n\n\n\n<p>Il dossier consente al personale sanitario aziendale di avere un quadro clinico il pi\u00f9 completo possibile e di disporre delle informazioni relative alla salute del paziente al fine di potergli offrire un\u2019assistenza sempre pi\u00f9 adeguata.<\/p>\n\n\n\n<p>L\u2019accesso al dossier \u00e8 protetto ed \u00e8 riservato ai soggetti autorizzati, mediante procedure di autentificazione, che permettono di identificare e tracciare l\u2019identit\u00e0 dell\u2019operatore , che abbia accesso alle informazioni trattate tramite DSE.<\/p>\n\n\n\n<p>Pertanto, l\u2019accesso al dossier \u00e8 consentito e riservato al solo personale&nbsp; della Equipe della CAPP ed \u00e8 quindi uno strumento utilizzato solo all\u2019interno della cooperativa , per cui non \u00e8 visibile e non \u00e8 accessibile n\u00e9 agli operatori tranne agli operatori sanitari dell&#8217; azienda sanitaria di riferimento, n\u00e9 al Medico di Medicina Generale o Pediatra di Libera Scelta.<\/p>\n\n\n\n<h4 class=\"wp-block-heading\"><strong>Consenso alla costituzione e alla consultazione del DSE<\/strong><\/h4>\n\n\n\n<p><em>La creazione del DSE e la consultazione delle informazioni in esso indicizzate sono operazioni che possono avvenire solo attraverso il consenso specifico ed espresso dell\u2019interessato.<\/em><\/p>\n\n\n\n<p>Il consenso alla costituzione del dossier sanitario \u00e8 raccolto dal personale sanitario in forma orale, con contestuale annotazione informatica della dichiarazione espressa dal paziente, al momento della Sua presa in carico.<\/p>\n\n\n\n<p>Per presentare in modo esaustivo questa complessa materia la CAPP Cooperativa Sociale ha predisposto un apposito foglio informativo in cui, oltre a quanto riportato sopra, sono trattati i seguenti argomenti:<\/p>\n\n\n\n<p>\u2022&nbsp;&nbsp; &nbsp;utilizzo dei dati clinici pregressi, o comunque formati precedentemente alla costituzione del consenso;<br>\u2022&nbsp;&nbsp; &nbsp;informazioni di natura particolarmente sensibile;<br>\u2022&nbsp;&nbsp; &nbsp;modifica, revoca o mancato consenso al trattamento mediante DSE;<br>\u2022&nbsp;&nbsp; &nbsp;diritto di oscuramento.<\/p>\n\n\n\n<p><strong><em>La tutela dei dati personali e sanitari \u00e8 importante, per questo ti invitiamo a prenderne visione:\u00a0<a href=\"http:\/\/www.ior.it\/sites\/default\/files\/8S%20Informativa%20IOR%20%20per%20Dossier%20Sanitario%20Elettronico%20A3%20ver3_rev300115.pdf\" target=\"_blank\" rel=\"noreferrer noopener\">pdf<\/a>.<\/em><\/strong><\/p>\n\n\n\n<h4 class=\"wp-block-heading\"><strong>I diritti del paziente in merito al trattamento dei dati<\/strong><\/h4>\n\n\n\n<p>In qualsiasi momento il paziente pu\u00f2 esercitare i diritti previsti dall\u2019art. 7 del D. Lgs. 196\/2003, consistenti nella facolt\u00e0 di ottenere informazioni sul trattamento dei suoi dati, sulle modalit\u00e0 e finalit\u00e0 e sulla logica di funzionamento e utilizzo dei dati tramite dossier. L\u2019interessato pu\u00f2 altres\u00ec chiedere l\u2019aggiornamento, la rettifica o l\u2019integrazione dei propri dati trattati tramite DSE e pu\u00f2 esercitare l\u2019oscuramento anche momentaneo dei propri dati.<\/p>\n\n\n\n<p>Infine, ciascun interessato ha la facolt\u00e0 di chiedere la cancellazione, il blocco o l\u2019anonimato dei dati trattati in violazione della legge, nonch\u00e9 il potere di opporsi per motivi legittimi al trattamento dei propri dati personali.<\/p>\n","protected":false},"excerpt":{"rendered":"<p>Informativa e consenso per il Dossier Sanitario Elettronico La CAPP Cooperativa Sociale, in qualit\u00e0 di titolare del trattamento dei dati, informa i propri pazienti che al fine di migliorare il processo di cura della salute si avvale di un nuovo strumento informativo denominato&nbsp;Dossier Sanitario Elettronico&nbsp;(DSE). Per DSE s\u2019intende l\u2019insieme dei dati sanitari e psicosociali in [&hellip;]<\/p>\n","protected":false},"author":1,"featured_media":0,"parent":0,"menu_order":0,"comment_status":"closed","ping_status":"closed","template":"","meta":{"footnotes":""},"class_list":["post-723","page","type-page","status-publish","hentry"],"_links":{"self":[{"href":"https:\/\/capponline.net\/w\/wp-json\/wp\/v2\/pages\/723","targetHints":{"allow":["GET"]}}],"collection":[{"href":"https:\/\/capponline.net\/w\/wp-json\/wp\/v2\/pages"}],"about":[{"href":"https:\/\/capponline.net\/w\/wp-json\/wp\/v2\/types\/page"}],"author":[{"embeddable":true,"href":"https:\/\/capponline.net\/w\/wp-json\/wp\/v2\/users\/1"}],"replies":[{"embeddable":true,"href":"https:\/\/capponline.net\/w\/wp-json\/wp\/v2\/comments?post=723"}],"version-history":[{"count":2,"href":"https:\/\/capponline.net\/w\/wp-json\/wp\/v2\/pages\/723\/revisions"}],"predecessor-version":[{"id":726,"href":"https:\/\/capponline.net\/w\/wp-json\/wp\/v2\/pages\/723\/revisions\/726"}],"wp:attachment":[{"href":"https:\/\/capponline.net\/w\/wp-json\/wp\/v2\/media?parent=723"}],"curies":[{"name":"wp","href":"https:\/\/api.w.org\/{rel}","templated":true}]}}