{"id":742,"date":"2025-02-10T14:46:17","date_gmt":"2025-02-10T13:46:17","guid":{"rendered":"http:\/\/capponline.net\/w\/?page_id=742"},"modified":"2025-02-10T14:49:07","modified_gmt":"2025-02-10T13:49:07","slug":"politica-della-salute-e-sicurezza-sul-lavoro","status":"publish","type":"page","link":"https:\/\/capponline.net\/w\/politica-della-salute-e-sicurezza-sul-lavoro\/","title":{"rendered":"Politica della Salute e Sicurezza sul Lavoro"},"content":{"rendered":"\n<div class=\"wp-block-group is-nowrap is-layout-flex wp-container-core-group-is-layout-6c531013 wp-block-group-is-layout-flex\">\n<p>La CAPP Cooperativa Sociale nel 1 febbraio 2022 ha ottenuto la certificazione di qualit\u00e0&nbsp;<em>ai sensi della norma UNI EU ISO 45001:2018<\/em>, riconosciuta oggi dell\u2019organismo di certificazione&nbsp;<strong>RINA.<\/strong><\/p>\n\n\n\n<figure class=\"wp-block-image alignright size-full\"><img loading=\"lazy\" decoding=\"async\" width=\"887\" height=\"591\" src=\"http:\/\/capponline.net\/w\/wp-content\/uploads\/2025\/02\/rina-9001-45001.png\" alt=\"\" class=\"wp-image-744\" style=\"object-fit:cover\" srcset=\"https:\/\/capponline.net\/w\/wp-content\/uploads\/2025\/02\/rina-9001-45001.png 887w, https:\/\/capponline.net\/w\/wp-content\/uploads\/2025\/02\/rina-9001-45001-300x200.png 300w, https:\/\/capponline.net\/w\/wp-content\/uploads\/2025\/02\/rina-9001-45001-768x512.png 768w\" sizes=\"auto, (max-width: 887px) 100vw, 887px\" \/><\/figure>\n<\/div>\n\n\n\n<h4 class=\"wp-block-heading\"><strong>Scopo e campo di applicazione<\/strong><\/h4>\n\n\n\n<p>La politica di Sicurezza sul Lavoro costituisce un riferimento fondamentale ed essenziale per tutti i partecipanti alla vita aziendale e per tutti coloro che, esterni all\u2019azienda, hanno con essa rapporti.<\/p>\n\n\n\n<p>Essa deve far comprendere, declinando anche gli obiettivi strategici, i principi cui si ispira ogni azione aziendale, nell\u2019ottica della salute e sicurezza e benessere di tutti i partecipanti alla vita aziendale e a cui tutti devono attenersi in rapporto al proprio ruolo ed alle responsabilit\u00e0 assunte in azienda.<\/p>\n\n\n\n<p>La direzione aziendale si impegna, mettendo a disposizione risorse umane, strumentali, ed economiche, a perseguire gli obiettivi di miglioramento continuo della sicurezza e salute dei lavoratori, come parte integrante della propria attivit\u00e0 e come impegno strategico rispetto alle finalit\u00e0 pi\u00f9 generali dell\u2019azienda.<\/p>\n\n\n\n<h4 class=\"wp-block-heading\"><strong>Strumenti utilizzati<\/strong><\/h4>\n\n\n\n<p>Allo scopo di un miglioramento continuo, l\u2019azienda utilizza i seguenti strumenti:<\/p>\n\n\n\n<p>\u2022 Documento di politica aziendale;<br>\u2022 Formazione, informazione e sensibilizzati dei lavoratori e degli utenti in materia di sicurezza e salute del lavoro, con particolare attenzione alle specifiche mansioni svolte dai lavoratori;<br>\u2022 Miglioramento continuo ed alla prevenzione con la fornitura di risorse umane e strumentali necessarie;<br>\u2022 Miglioramento dei luoghi di lavoro;<br>\u2022 Rispetto di tutte le leggi e regolamenti vigenti, formulate procedure e ci si attenga agli standard aziendali individuati;<br>\u2022 Rapidit\u00e0, diligenza ed efficacia nelle situazioni di emergenza.<\/p>\n\n\n\n<p>Ogni anno, in occasione del Riesame della Direzione, verr\u00e0 riesaminata questa politica e l\u2019intero sistema per verificarne l\u2019efficacia e la necessit\u00e0 di eventuali aggiornamenti, verranno definiti gli obiettivi e i programmi per l\u2019anno successivo, che saranno comunicati al personale aziendale.<\/p>\n","protected":false},"excerpt":{"rendered":"<p>La CAPP Cooperativa Sociale nel 1 febbraio 2022 ha ottenuto la certificazione di qualit\u00e0&nbsp;ai sensi della norma UNI EU ISO 45001:2018, riconosciuta oggi dell\u2019organismo di certificazione&nbsp;RINA. Scopo e campo di applicazione La politica di Sicurezza sul Lavoro costituisce un riferimento fondamentale ed essenziale per tutti i partecipanti alla vita aziendale e per tutti coloro che, [&hellip;]<\/p>\n","protected":false},"author":1,"featured_media":0,"parent":0,"menu_order":0,"comment_status":"closed","ping_status":"closed","template":"","meta":{"footnotes":""},"class_list":["post-742","page","type-page","status-publish","hentry"],"_links":{"self":[{"href":"https:\/\/capponline.net\/w\/wp-json\/wp\/v2\/pages\/742","targetHints":{"allow":["GET"]}}],"collection":[{"href":"https:\/\/capponline.net\/w\/wp-json\/wp\/v2\/pages"}],"about":[{"href":"https:\/\/capponline.net\/w\/wp-json\/wp\/v2\/types\/page"}],"author":[{"embeddable":true,"href":"https:\/\/capponline.net\/w\/wp-json\/wp\/v2\/users\/1"}],"replies":[{"embeddable":true,"href":"https:\/\/capponline.net\/w\/wp-json\/wp\/v2\/comments?post=742"}],"version-history":[{"count":5,"href":"https:\/\/capponline.net\/w\/wp-json\/wp\/v2\/pages\/742\/revisions"}],"predecessor-version":[{"id":751,"href":"https:\/\/capponline.net\/w\/wp-json\/wp\/v2\/pages\/742\/revisions\/751"}],"wp:attachment":[{"href":"https:\/\/capponline.net\/w\/wp-json\/wp\/v2\/media?parent=742"}],"curies":[{"name":"wp","href":"https:\/\/api.w.org\/{rel}","templated":true}]}}