{"id":765,"date":"2025-02-10T15:15:38","date_gmt":"2025-02-10T14:15:38","guid":{"rendered":"http:\/\/capponline.net\/w\/?page_id=765"},"modified":"2025-02-10T15:15:38","modified_gmt":"2025-02-10T14:15:38","slug":"assistenza-domiciliare-integrata-allassistenza-sanitaria","status":"publish","type":"page","link":"https:\/\/capponline.net\/w\/assistenza-domiciliare-integrata-allassistenza-sanitaria\/","title":{"rendered":"Assistenza Domiciliare Integrata all\u2019Assistenza Sanitaria"},"content":{"rendered":"\n<p class=\"has-small-font-size\"><em>Comune di Palermo e Santa Cristina Gela<\/em><\/p>\n\n\n\n<p>Il servizio \u00e8 rivolto a persone con disabilit\u00e0 fisica e psichica o sensoriale, anziani non autosufficienti, nonch\u00e9 ai soggetti affetti da patologie croniche stabilizzate, non autosufficienti, ai pazienti affetti da patologie acute o riacutizzate, temporaneamente invalidanti e ai pazienti inguaribili in fase terminale che non rispondono a trattamenti specifici e a pazienti critici e speciali, ai soggetti affetti da demenza Alzheimer negli stadi III, IV,V e VI della GDS.<\/p>\n\n\n\n<p>Tali soggetti necessitano di assistenza continuativa, caratterizzata dalla presa in carico globale, attraverso un complesso di prestazioni socio-assistenziali e sanitarie.<br><\/p>\n\n\n\n<p><strong>Per la realizzazione del servizio vengono garantite le seguenti prestazioni:<\/strong><\/p>\n\n\n\n<p>\u2022 igiene personale quotidiana e periodica pulizia completa della persona;<br>\u2022 governo dell&#8217;alloggio;<br>\u2022 aiuto nella preparazione ed assunzione dei pasti e nella gestione delle attivit\u00e0 quotidiane all&#8217;interno ed all&#8217;esterno dell&#8217;abitazione ;<br>\u2022 aiuto nella mobilit\u00e0, nella deambulazione e mobilizzazione del soggetto allettato;<br>\u2022 aiuto per la corretta assunzione di farmaci prescritti e per il corretto utilizzo di apparecchi medicali di semplice uso;<br>\u2022 collaborazione alla rilevazione dei bisogni e delle condizioni di rischio-danno dell\u2019utente con l\u2019obbligo di riferire sui sintomi di allarme;<br>\u2022 prevenzione delle piaghe da decubito ed effettuare piccole medicazioni;<br>\u2022 controllo ed assistenza nella somministrazione delle diete;<br>\u2022 collaborazione con il personale sanitario nelle attivit\u00e0 finalizzate al mantenimento o recupero delle capacit\u00e0 psico-fisiche, cognitive e relazionali;<br>\u2022 sorveglianza e vigilanza di soggetti affetti da demenza alzheimer;<br>\u2022 disbrigo pratiche, commissioni ed accompagnamento per visite mediche, specialistiche ed attivit\u00e0 riabilitativa ove non assicurata all&#8217;interno dell&#8217;abitazione, con il mezzo di trasporto dell&#8217;ente;<br>\u2022 piccoli lavori nell\u2019alloggio, per garantire la sicurezza dell\u2019utente e migliorare la sua autonomia nell\u2019ambiente di vita.<\/p>\n\n\n\n<h4 class=\"wp-block-heading\">Modalit\u00e0 di accesso<\/h4>\n\n\n\n<p>L&#8217;attivazione delle prestazioni avviene dopo la valutazione integrata dell&#8217;ASP 6 e dell&#8217;Assistente Sociale che predispone, insieme all&#8217;utente ed alla sua famiglia, il Piano Assistenziale Indiviudale (P.A.I.) nel quale vengono definiti gli obiettivi dell&#8217;intervento, la durata e la frequenza.<\/p>\n\n\n\n<p>Il P.A.I. viene trasmesso al Coordinamento ADI che avvia le procedure amministrative volte all&#8217;attivazione del Servizio e&nbsp; invita l&#8217;utente a scegliere l\u2019ente per l\u2019erogazione del servizio.<\/p>\n\n\n\n<p>Effettuata la scelta, invita l\u2019ente a svolgere il servizio, trasmettendo copia del PAI.<\/p>\n","protected":false},"excerpt":{"rendered":"<p>Comune di Palermo e Santa Cristina Gela Il servizio \u00e8 rivolto a persone con disabilit\u00e0 fisica e psichica o sensoriale, anziani non autosufficienti, nonch\u00e9 ai soggetti affetti da patologie croniche stabilizzate, non autosufficienti, ai pazienti affetti da patologie acute o riacutizzate, temporaneamente invalidanti e ai pazienti inguaribili in fase terminale che non rispondono a trattamenti [&hellip;]<\/p>\n","protected":false},"author":1,"featured_media":0,"parent":0,"menu_order":0,"comment_status":"closed","ping_status":"closed","template":"","meta":{"footnotes":""},"class_list":["post-765","page","type-page","status-publish","hentry"],"_links":{"self":[{"href":"https:\/\/capponline.net\/w\/wp-json\/wp\/v2\/pages\/765","targetHints":{"allow":["GET"]}}],"collection":[{"href":"https:\/\/capponline.net\/w\/wp-json\/wp\/v2\/pages"}],"about":[{"href":"https:\/\/capponline.net\/w\/wp-json\/wp\/v2\/types\/page"}],"author":[{"embeddable":true,"href":"https:\/\/capponline.net\/w\/wp-json\/wp\/v2\/users\/1"}],"replies":[{"embeddable":true,"href":"https:\/\/capponline.net\/w\/wp-json\/wp\/v2\/comments?post=765"}],"version-history":[{"count":1,"href":"https:\/\/capponline.net\/w\/wp-json\/wp\/v2\/pages\/765\/revisions"}],"predecessor-version":[{"id":766,"href":"https:\/\/capponline.net\/w\/wp-json\/wp\/v2\/pages\/765\/revisions\/766"}],"wp:attachment":[{"href":"https:\/\/capponline.net\/w\/wp-json\/wp\/v2\/media?parent=765"}],"curies":[{"name":"wp","href":"https:\/\/api.w.org\/{rel}","templated":true}]}}