{"id":774,"date":"2025-02-10T15:20:26","date_gmt":"2025-02-10T14:20:26","guid":{"rendered":"http:\/\/capponline.net\/w\/?page_id=774"},"modified":"2025-02-11T20:03:09","modified_gmt":"2025-02-11T19:03:09","slug":"sad-anziani-non-autosufficienti","status":"publish","type":"page","link":"https:\/\/capponline.net\/w\/sad-anziani-non-autosufficienti\/","title":{"rendered":"SAD Anziani non autosufficienti"},"content":{"rendered":"\n<p>La CAPP Cooperativa Sociale, in data 24 Settembre del 2018 ha sottoscritto un Patto di Accreditamento e successivi Accordi Integrativi, con il Comune di Palermo per la gestione del SAD <em>(Servizio Assistenza Domiciliare\/Piano di Zona 2018)<\/em> nel Distretto Socio Sanitario 42 della Regione Sicilia.<br>Il servizio \u00e8 rivolto ad anziani ultra sessantacinquenni, parzialmente autosufficienti o a rischio di perdita dell\u2019autosufficienza, privi di adeguato supporto familiare che non necessitano di prestazioni sanitarie domiciliari, ma che richiedono un supporto di natura socio-assistenziale per lo svolgimento di alcune funzioni della vita quotidiana.<\/p>\n\n\n\n<figure class=\"wp-block-image size-full is-resized\"><a href=\"http:\/\/capponline.net\/w\/wp-content\/uploads\/2025\/02\/250205-bro_sad_anziani-15-sing.pdf\" target=\"_blank\" rel=\" noreferrer noopener\"><img loading=\"lazy\" decoding=\"async\" width=\"886\" height=\"886\" src=\"http:\/\/capponline.net\/w\/wp-content\/uploads\/2025\/02\/250205-bro_sad_anziani-15-sing.jpg\" alt=\"\" class=\"wp-image-579\" style=\"width:162px;height:auto\" srcset=\"https:\/\/capponline.net\/w\/wp-content\/uploads\/2025\/02\/250205-bro_sad_anziani-15-sing.jpg 886w, https:\/\/capponline.net\/w\/wp-content\/uploads\/2025\/02\/250205-bro_sad_anziani-15-sing-300x300.jpg 300w, https:\/\/capponline.net\/w\/wp-content\/uploads\/2025\/02\/250205-bro_sad_anziani-15-sing-150x150.jpg 150w, https:\/\/capponline.net\/w\/wp-content\/uploads\/2025\/02\/250205-bro_sad_anziani-15-sing-768x768.jpg 768w\" sizes=\"auto, (max-width: 886px) 100vw, 886px\" \/><\/a><\/figure>\n\n\n\n<div class=\"wp-block-group is-nowrap is-layout-flex wp-container-core-group-is-layout-6c531013 wp-block-group-is-layout-flex\">\n<p class=\"has-text-align-left has-small-font-size\" id=\"block-7247033b-7e95-4c47-b809-7cdcc391f178\"><a href=\"http:\/\/capponline.net\/w\/wp-content\/uploads\/2025\/02\/250205-bro_sad_anziani-15-sing.pdf\" data-type=\"link\" data-id=\"http:\/\/capponline.net\/w\/wp-content\/uploads\/2025\/02\/250205-bro_sad_anziani-15-sing.pdf\" target=\"_blank\" rel=\"noreferrer noopener\"><em>\u00bb Brochure Servizio Assistenza Domiciliare \u00b7 Anziani<\/em><\/a><\/p>\n<\/div>\n\n\n\n<h4 class=\"wp-block-heading\">Come lo facciamo<\/h4>\n\n\n\n<p>Ogni azione \u00e8 stabilita da un\u2019Equipe che sulla base di un progetto individualizzato, agisce sulla situazione di disagio coinvolgendo la famiglia e la comunit\u00e0 in un\u2019 ottica di rete. Tutto il personale garantir\u00e0 il rispetto della dignit\u00e0 personale, riservatezza, libert\u00e0 di scelta dell\u2019utente, chiarezza delle informazioni, cura dei rapporti interpersonali.<br><br>Il Servizio sar\u00e0 organizzato secondo lo standard del personale definito dalla determina di accreditamento Rep. n\u00b0 33 del 24 Settembre 2018 del Comune di Palermo e si avvarr\u00e0 delle seguenti figure:<\/p>\n\n\n\n<ul class=\"wp-block-list\">\n<li><strong>Assistente Sociale Coordinatore;<\/strong><\/li>\n\n\n\n<li><strong>OSA;<\/strong><\/li>\n\n\n\n<li><strong>Ausiliare.<\/strong><\/li>\n<\/ul>\n\n\n\n<h4 class=\"wp-block-heading\">Assistente Sociale Coordinatore<\/h4>\n\n\n\n<p>La CAPP Cooperativa Sociale inoltre integra le figure professionali previste dal Patto di Accreditamento con un Assistente Sociale che coordina le attivit\u00e0 attraverso i Piani di Lavoro, effettua riunioni settimanali con l\u2019\u00e9quipe per il monitoraggio degli interventi e dei Progetti Assistenziali Individualizzati.<\/p>\n\n\n\n<ul class=\"wp-block-list\">\n<li>Per ogni utente predispone una cartella domiciliare contenente i principali dati personali e familiari, particolari problematiche sanitarie e psico-relazionali, nonch\u00e9 i dati delle figure sociali e sanitarie di riferimento; la cartella conterr\u00e0 copia del PAI, gli operatori incaricati, le fasce orarie previste per l\u2019intervento e su di essa andr\u00e0 registrato l\u2019andamento degli interventi e ogni variazione del piano di lavoro;<\/li>\n\n\n\n<li>prende in carico l\u2019utente e ne cura la relazione d\u2019aiuto;<\/li>\n\n\n\n<li>effettua il raccordo con il Servizio Sociale Territoriale del comune, con il Medico di Medicina Generale e con le risorse del territorio.<\/li>\n<\/ul>\n\n\n\n<h4 class=\"wp-block-heading\">Operatore Socio Assistenziale (OSA)<\/h4>\n\n\n\n<p>Svolge compiti di:<\/p>\n\n\n\n<ul class=\"wp-block-list\">\n<li>Aiuto per l\u2019igiene personale e per il governo dell\u2019alloggio;<\/li>\n\n\n\n<li>aiuto per la preparazione e l\u2019assunzione dei pasti;<\/li>\n\n\n\n<li>aiuto nella gestione delle attivit\u00e0 quotidiane all\u2019interno e all\u2019esterno dell\u2019abitazione, nella mobilit\u00e0, nella deambulazione e mobilizzazione del soggetto allettato;<\/li>\n\n\n\n<li>aiuto nella corretta assunzione dei farmaci prescritti e nel corretto utilizzo di apparecchi medicali di semplice uso;<\/li>\n\n\n\n<li>controllo ed assistenza nella somministrazione delle diete;<\/li>\n\n\n\n<li>attivit\u00e0 di stimolo al mantenimento delle capacit\u00e0 psico-fisiche, cognitive e relazionali, accompagnando l\u2019utente, se occorre, fuori dalla sua abitazione con il mezzo di trasporto dell\u2019Ente;<\/li>\n\n\n\n<li>collaborazione alla rilevazione dei bisogni e delle condizioni di rischio-danno dell\u2019utente con l\u2019obbligo di riferire sui sintomi d\u2019allarme;<\/li>\n\n\n\n<li>attivit\u00e0 di informazione e orientamento sulle risorse del territorio e aiuto per l\u2019accesso ai servizi.<\/li>\n<\/ul>\n\n\n\n<p>Inoltre assolve alle proprie mansioni con flessibilit\u00e0, avendo cura di personalizzare il suo intervento in base alle esigenze espresse dall\u2019anziano e orientando il suo agire professionale al raggiungimento dell\u2019obiettivo del Piano Assistenziale Individuale. Viene garantito l\u2019utilizzo di personale maschile e femminile a seconda della tipologia degli assistiti e di particolari situazioni personali.<\/p>\n\n\n\n<h4 class=\"wp-block-heading\">Ausiliare<\/h4>\n\n\n\n<p>Svolge compiti di:<\/p>\n\n\n\n<ul class=\"wp-block-list\">\n<li>Pulizia dell\u2019alloggio;<\/li>\n\n\n\n<li>disbrigo pratiche, commissioni ed accompagnamento con il mezzo di trasporto dell\u2019Ente;<\/li>\n\n\n\n<li>piccoli lavori di sistemazione dell\u2019alloggio, per garantire la sicurezza dell\u2019Utente e migliorare la sua autonomia nell\u2019ambiente di vita.<\/li>\n<\/ul>\n\n\n\n<p>\u00c8 tenuto a collaborare con l\u2019OSA che ha in carico l\u2019utente nei compiti per i quali il Piano Assistenziale Individuale lo richieda espressamente.<\/p>\n\n\n\n<h4 class=\"wp-block-heading\">Come ci organizziamo<\/h4>\n\n\n\n<p>Il servizio sar\u00e0 effettuato, previa programmazione concordata, tutti i giorni feriali dalle ore 8,00 alle ore 20,00.<\/p>\n\n\n\n<p>La cooperativa CAPP si impegna a:<\/p>\n\n\n\n<ul class=\"wp-block-list\">\n<li>Garantire le prestazioni previste dal PAI;<\/li>\n\n\n\n<li>Assicurare il rispetto della riservatezza per tutte le comunicazioni relative all\u2019utente;<\/li>\n\n\n\n<li>Gestire i turni degli operatori, limitando cambi frequenti e avvisando l\u2019utente tempestivamente di qualsiasi variazione.<\/li>\n<\/ul>\n\n\n\n<p>L\u2019utente si impegna a:<\/p>\n\n\n\n<ul class=\"wp-block-list\">\n<li>Collaborare per una efficace erogazione delle prestazioni;<\/li>\n\n\n\n<li>Comunicare tempestivamente al Servizio eventuali sue indisponibilit\u00e0;<\/li>\n\n\n\n<li>Ricevere le prestazioni previste dal PAI.<\/li>\n<\/ul>\n\n\n\n<h4 class=\"wp-block-heading\">Come si accede al servizio<\/h4>\n\n\n\n<p>Il cittadino che intende usufruire del Servizio o un suo familiare dovr\u00e0 presentare istanza all\u2019 U. O. Progettazione e interventi per anziani &#8211; Centro diurno Anziani. Gli Assistenti Sociali preposti, valuteranno le istanze pervenute ed effettueranno tutte le verifiche dei requisiti attraverso colloqui e visite domiciliari. In base alle valutazioni effettuate, verr\u00e0 predisposta una graduatoria e sar\u00e0 redatto il Piano Assistenza Individuale (P.A.I.) per ciascun Utente.<\/p>\n\n\n\n<p>Requisiti d\u2019accesso:<\/p>\n\n\n\n<ul class=\"wp-block-list\">\n<li>Residenza nel territorio del Distretto Socio Sanitario n\u00b0 42;<\/li>\n\n\n\n<li>Essere ultra 65enni parzialmente autosufficienti o a rischio di perdita dell\u2019autosufficienza e non adeguatamente supportati dai familiari.<\/li>\n<\/ul>\n","protected":false},"excerpt":{"rendered":"<p>La CAPP Cooperativa Sociale, in data 24 Settembre del 2018 ha sottoscritto un Patto di Accreditamento e successivi Accordi Integrativi, con il Comune di Palermo per la gestione del SAD (Servizio Assistenza Domiciliare\/Piano di Zona 2018) nel Distretto Socio Sanitario 42 della Regione Sicilia.Il servizio \u00e8 rivolto ad anziani ultra sessantacinquenni, parzialmente autosufficienti o a [&hellip;]<\/p>\n","protected":false},"author":1,"featured_media":0,"parent":0,"menu_order":0,"comment_status":"closed","ping_status":"closed","template":"","meta":{"footnotes":""},"class_list":["post-774","page","type-page","status-publish","hentry"],"_links":{"self":[{"href":"https:\/\/capponline.net\/w\/wp-json\/wp\/v2\/pages\/774","targetHints":{"allow":["GET"]}}],"collection":[{"href":"https:\/\/capponline.net\/w\/wp-json\/wp\/v2\/pages"}],"about":[{"href":"https:\/\/capponline.net\/w\/wp-json\/wp\/v2\/types\/page"}],"author":[{"embeddable":true,"href":"https:\/\/capponline.net\/w\/wp-json\/wp\/v2\/users\/1"}],"replies":[{"embeddable":true,"href":"https:\/\/capponline.net\/w\/wp-json\/wp\/v2\/comments?post=774"}],"version-history":[{"count":8,"href":"https:\/\/capponline.net\/w\/wp-json\/wp\/v2\/pages\/774\/revisions"}],"predecessor-version":[{"id":883,"href":"https:\/\/capponline.net\/w\/wp-json\/wp\/v2\/pages\/774\/revisions\/883"}],"wp:attachment":[{"href":"https:\/\/capponline.net\/w\/wp-json\/wp\/v2\/media?parent=774"}],"curies":[{"name":"wp","href":"https:\/\/api.w.org\/{rel}","templated":true}]}}