{"id":783,"date":"2025-02-10T15:25:57","date_gmt":"2025-02-10T14:25:57","guid":{"rendered":"http:\/\/capponline.net\/w\/?page_id=783"},"modified":"2025-02-11T20:02:30","modified_gmt":"2025-02-11T19:02:30","slug":"servizio-educativo-domiciliare","status":"publish","type":"page","link":"https:\/\/capponline.net\/w\/servizio-educativo-domiciliare\/","title":{"rendered":"Servizio Educativo Domiciliare"},"content":{"rendered":"\n<p>L\u2019intervento domiciliare educativo \u00e8 un Servizio di natura socio-assistenziale a carattere diurno e territoriale che si propone di promuovere, accompagnare ed accrescere le potenzialit\u00e0 evolutive della persona con Disabilit\u00e0, unitamente ai suoi familiari; l\u2019obiettivo dell\u2019intervento \u00e8 quello di sostenere i familiari nel percorso di recupero e promozione delle competenze educative e nel contempo rendere partecipe la comunit\u00e0 di appartenenza alla contingente disabilit\u00e0 dei soggetti presi in carico.<\/p>\n\n\n\n<figure class=\"wp-block-image size-full is-resized\"><a href=\"http:\/\/capponline.net\/w\/wp-content\/uploads\/2025\/02\/250205-bro_sed-15-sing.pdf\" target=\"_blank\" rel=\" noreferrer noopener\"><img loading=\"lazy\" decoding=\"async\" width=\"886\" height=\"886\" src=\"http:\/\/capponline.net\/w\/wp-content\/uploads\/2025\/02\/250205-bro_sed-15-sing.jpg\" alt=\"\" class=\"wp-image-580\" style=\"width:162px;height:auto\" srcset=\"https:\/\/capponline.net\/w\/wp-content\/uploads\/2025\/02\/250205-bro_sed-15-sing.jpg 886w, https:\/\/capponline.net\/w\/wp-content\/uploads\/2025\/02\/250205-bro_sed-15-sing-300x300.jpg 300w, https:\/\/capponline.net\/w\/wp-content\/uploads\/2025\/02\/250205-bro_sed-15-sing-150x150.jpg 150w, https:\/\/capponline.net\/w\/wp-content\/uploads\/2025\/02\/250205-bro_sed-15-sing-768x768.jpg 768w\" sizes=\"auto, (max-width: 886px) 100vw, 886px\" \/><\/a><\/figure>\n\n\n\n<div class=\"wp-block-group is-nowrap is-layout-flex wp-container-core-group-is-layout-6c531013 wp-block-group-is-layout-flex\">\n<p class=\"has-text-align-left has-small-font-size\" id=\"block-7247033b-7e95-4c47-b809-7cdcc391f178\"><a href=\"http:\/\/capponline.net\/w\/wp-content\/uploads\/2025\/02\/250205-bro_sed-15-sing.pdf\" data-type=\"link\" data-id=\"http:\/\/capponline.net\/w\/wp-content\/uploads\/2025\/02\/250205-bro_sed-15-sing.pdf\" target=\"_blank\" rel=\"noreferrer noopener\"><em>\u00bb Brochure Servizio Educativo Domiciliare<\/em><\/a><\/p>\n<\/div>\n\n\n\n<p>In riferimento agli obiettivi del Servizio Educativo Domiciliare, gli interventi educativi erogati sono:<\/p>\n\n\n\n<ul class=\"wp-block-list\">\n<li>volti a stimolare e potenziare le abilit\u00e0 personali di base;<\/li>\n\n\n\n<li>mirati a sostenere gli Utenti nel percorso di autonomia ed emancipazione dal<br>contesto familiare.<\/li>\n<\/ul>\n\n\n\n<p>Nello specifico gli interventi sono volti a:<\/p>\n\n\n\n<ul class=\"wp-block-list\">\n<li>ottenere e ad aiutare gli Utenti nel rapporto con le figure genitoriali e parentali;<\/li>\n\n\n\n<li>valorizzare la relazione genitore-figlio e sostenere la genitorialit\u00e0 anche attraverso un percorso di accettazione della disabilit\u00e0;<\/li>\n\n\n\n<li>favorire un percorso di integrazione e socializzazione nel contesto di riferimento;<\/li>\n\n\n\n<li>coinvolgere l\u2019Utente in attivit\u00e0 sociali, di tempo libero e scolastiche al fine di recuperare le risorse personali e la promozione di adeguate relazioni con i coetanei e le figure adulte;<\/li>\n\n\n\n<li>mantenere ed incrementare i rapporti della persona con le strutture sociali, sanitarie,sportive e ricreative del territorio.<\/li>\n<\/ul>\n\n\n\n<p>Gli interventi sono funzionali e pertinenti in rapporto al contesto di appartenenza familiare e sociale ed atti a condurre la persona nell\u2019acquisizione di regole e modalit\u00e0 comportamentali che gli permettano il raggiungimento di una buona qualit\u00e0 di vita sociale. Le attivit\u00e0 sono finalizzate a sostenere gli Utenti verso la frequenza di attivit\u00e0 socializzanti\/occupazionali.<\/p>\n\n\n\n<h4 class=\"wp-block-heading\">Come lo facciamo<\/h4>\n\n\n\n<p>Ogni azione \u00e8 stabilita da un\u2019Equipe che sulla base di un progetto individualizzato, agisce sulla situazione di disagio coinvolgendo la famiglia e la comunit\u00e0 in un\u2019 ottica di rete. Tutto il personale garantir\u00e0 il rispetto della dignit\u00e0 personale, riservatezza, libert\u00e0 di scelta dell\u2019utente, chiarezza delle informazioni, cura dei rapporti interpersonali.<\/p>\n\n\n\n<p>Il Servizio sar\u00e0 organizzato secondo lo standard del personale definito dalla determina di accreditamento Rep. n\u00b0 83 del 27 novembre 2018 del Comune di Palermo e si avvarr\u00e0 delle seguenti figure:<\/p>\n\n\n\n<ul class=\"wp-block-list\">\n<li>Responsabile\/Coordinatore;<\/li>\n\n\n\n<li>Psicologo;<\/li>\n\n\n\n<li>Assistente Sociale;<\/li>\n\n\n\n<li>Educatore.<\/li>\n<\/ul>\n\n\n\n<p>La CAPP Cooperativa Sociale inoltre integra le figure professionali previste dal Patto di Accreditamento con un Assistente Sociale che coordina le attivit\u00e0 attraverso i Piani di Lavoro, effettua riunioni settimanali con l\u2019\u00e9quipe per il monitoraggio degli interventi e dei Progetti Assistenziali Individualizzati.<\/p>\n\n\n\n<ul class=\"wp-block-list\">\n<li>Per ogni utente predispone una cartella domiciliare contenente i principali dati personali e familiari, particolari problematiche sanitarie e psico-relazionali, nonch\u00e9 i dati delle figure sociali e sanitarie di riferimento; la cartella conterr\u00e0 copia del PAI, gli operatori incaricati, le fasce orarie previste per l\u2019intervento e su di essa andr\u00e0 registrato l\u2019andamento degli interventi e ogni variazione del piano di lavoro;<\/li>\n\n\n\n<li>prende in carico l\u2019utente e ne cura la relazione d\u2019aiuto;<\/li>\n\n\n\n<li>costruzione di sinergie territoriali attraverso forme di collaborazione tra i servizi.<\/li>\n<\/ul>\n\n\n\n<h4 class=\"wp-block-heading\">Come ci organizziamo<\/h4>\n\n\n\n<p>Il servizio sar\u00e0 effettuato, previa programmazione concordata, tutti i giorni feriali dalle ore 8,00 alle ore 20,00.<br>La cooperativa CAPP si impegna a:<\/p>\n\n\n\n<ul class=\"wp-block-list\">\n<li>Garantire le prestazioni previste dal PAI;<\/li>\n\n\n\n<li>Assicurare il rispetto della riservatezza per tutte le comunicazioni relative all\u2019utente;<\/li>\n\n\n\n<li>Gestire i turni degli operatori, limitando cambi frequenti e avvisando l\u2019utente tempestivamente di qualsiasi variazione.<\/li>\n<\/ul>\n\n\n\n<p>L\u2019utente si impegna a:<\/p>\n\n\n\n<ul class=\"wp-block-list\">\n<li>Collaborare per una efficace erogazione delle prestazioni;<\/li>\n\n\n\n<li>Comunicare tempestivamente al Servizio eventuali sue indisponibilit\u00e0;<\/li>\n\n\n\n<li>Ricevere le prestazioni previste dal PAI.<\/li>\n<\/ul>\n\n\n\n<h4 class=\"wp-block-heading\">Come si accede al servizio<\/h4>\n\n\n\n<p>Il cittadino che intende usufruire del Servizio o un suo familiare dovr\u00e0 presentare istanza all\u2019 U. O. Interventi per Disabili e Soggetti Affetti da Patologie Croniche e contestualmente all\u2019ASP 6 Distretto Sanitario n\u00b0 42.<br>Le UVM dell\u2019ASP, in collaborazione con gli Assistenti Sociali dell\u2019U.O.H. del Comune di Palermo, valuteranno le istanze pervenute ed effettueranno tutte le verifiche dei requisiti attraverso colloqui e visite domiciliari. In base alle valutazioni effettuate, verr\u00e0 predisposta una graduatoria e sar\u00e0 redatto il Piano Assistenza Individuale (P.A.I) per ciascun Utente.<\/p>\n","protected":false},"excerpt":{"rendered":"<p>L\u2019intervento domiciliare educativo \u00e8 un Servizio di natura socio-assistenziale a carattere diurno e territoriale che si propone di promuovere, accompagnare ed accrescere le potenzialit\u00e0 evolutive della persona con Disabilit\u00e0, unitamente ai suoi familiari; l\u2019obiettivo dell\u2019intervento \u00e8 quello di sostenere i familiari nel percorso di recupero e promozione delle competenze educative e nel contempo rendere partecipe [&hellip;]<\/p>\n","protected":false},"author":1,"featured_media":0,"parent":0,"menu_order":0,"comment_status":"closed","ping_status":"closed","template":"","meta":{"footnotes":""},"class_list":["post-783","page","type-page","status-publish","hentry"],"_links":{"self":[{"href":"https:\/\/capponline.net\/w\/wp-json\/wp\/v2\/pages\/783","targetHints":{"allow":["GET"]}}],"collection":[{"href":"https:\/\/capponline.net\/w\/wp-json\/wp\/v2\/pages"}],"about":[{"href":"https:\/\/capponline.net\/w\/wp-json\/wp\/v2\/types\/page"}],"author":[{"embeddable":true,"href":"https:\/\/capponline.net\/w\/wp-json\/wp\/v2\/users\/1"}],"replies":[{"embeddable":true,"href":"https:\/\/capponline.net\/w\/wp-json\/wp\/v2\/comments?post=783"}],"version-history":[{"count":7,"href":"https:\/\/capponline.net\/w\/wp-json\/wp\/v2\/pages\/783\/revisions"}],"predecessor-version":[{"id":881,"href":"https:\/\/capponline.net\/w\/wp-json\/wp\/v2\/pages\/783\/revisions\/881"}],"wp:attachment":[{"href":"https:\/\/capponline.net\/w\/wp-json\/wp\/v2\/media?parent=783"}],"curies":[{"name":"wp","href":"https:\/\/api.w.org\/{rel}","templated":true}]}}