{"id":951,"date":"2025-02-12T13:57:30","date_gmt":"2025-02-12T12:57:30","guid":{"rendered":"https:\/\/capponline.net\/w\/?page_id=951"},"modified":"2025-12-16T12:44:06","modified_gmt":"2025-12-16T11:44:06","slug":"organigramma-esteso","status":"publish","type":"page","link":"https:\/\/capponline.net\/w\/organigramma-esteso\/","title":{"rendered":"Organigramma Esteso"},"content":{"rendered":"\n<p>L&#8217;organigramma \u00e8 la rappresentazione di una struttura organizzativa e pi\u00f9 in dettaglio, \u00e8 lo strumento principale che ha a disposizione la Cooperativa per&nbsp; descrivere l\u2019insieme delle principali relazioni che le legano tra loro i diversi livelli operativi.<\/p>\n\n\n\n<p>Anche se la comprensione delle modalit\u00e0 di funzionamento di un\u2019organizzazione non pu\u00f2 esaurirsi nella lettura dell\u2019organigramma, lo stesso rappresenta un valido riferimento per riconoscere le parti di un\u2019organizzazione, il modo in cui sono collegate, come la singola unit\u00e0 si colloca nell\u2019insieme e come dovrebbe relazionarsi con le altre.<\/p>\n\n\n\n<p>Di seguito viene riportato in dettaglio l\u2019Organigramma Nominativo-Funzionale della CAPP Cooperativa Sociale.<\/p>\n\n\n\n<p><\/p>\n\n\n\n<h1 class=\"wp-block-heading has-text-color has-link-color wp-elements-57f4917348af10b68e59958228fce28e\" style=\"color:#385989\"><strong>Organigramma<\/strong><\/h1>\n\n\n\n<p>1. Assemblea dei Soci<\/p>\n\n\n\n<div class=\"wp-block-group has-global-padding is-layout-constrained wp-block-group-is-layout-constrained\">\n<details class=\"wp-block-details is-style-default is-layout-flow wp-block-details-is-layout-flow\"><summary>2. Consiglio d&#8217;Amministrazione<\/summary>\n<p class=\"has-small-font-size\">Dott. G. <strong>Fiolo<\/strong> <em>(Presidente)<\/em><br><br>Dott. C. <strong>Roccaro<\/strong> <em>(Vicepresidente)<\/em><br><br>Dott. A. <strong>Bellafiore<\/strong> <em>(Consigliere)<\/em><br><br>Dott.ssa S. <strong>Campanella<\/strong> <em>(Consigliere)<\/em><\/p>\n<\/details>\n\n\n\n<details class=\"wp-block-details is-style-default is-layout-flow wp-block-details-is-layout-flow\"><summary>Collegio Sindacale<\/summary>\n<p class=\"has-small-font-size\">Dott. D. <strong>Candia&nbsp;<\/strong><em>(Presidente)<\/em><br><br>Dott. S. <strong>Badalucco<\/strong><br><br>Dott.ssa S. <strong>Principato<\/strong><\/p>\n<\/details>\n\n\n\n<details class=\"wp-block-details is-style-default is-layout-flow wp-block-details-is-layout-flow\"><summary>Consulenti Esterni<\/summary>\n<p class=\"has-small-font-size\"><strong>Responsabile Gestione Sistema Qualit\u00e0<br><\/strong>Dott. C.&nbsp;<strong>Caporlingua<\/strong><br><br><strong>Responsabile Protezione Dati<\/strong><br><em>GDPR 2016\/679<br><\/em>Ing. M.&nbsp;<strong>Provenzano<\/strong><br><br><strong>Revisore Legale<\/strong><br>Dott. E.&nbsp;<strong>Gaudesi<\/strong><br><br><strong>Organismo di Vigilanza<\/strong><br><em>Ex D. Lgs. 231\/01<br><\/em>Dott. D.&nbsp;<strong>Candia<\/strong>&nbsp;<\/p>\n<\/details>\n\n\n\n<details class=\"wp-block-details is-style-default is-layout-flow wp-block-details-is-layout-flow\"><summary>R.S.P.P.\/R.G.S.L.<\/summary>\n<p class=\"has-small-font-size\"><strong>Responsabile Servizi Prevenzione Protezione\/Responsabile Gestione della Sicurezza sul Lavoro<br><\/strong>Dott. G. <strong>Landro<\/strong>&nbsp;<\/p>\n<\/details>\n<\/div>\n\n\n\n<details class=\"wp-block-details is-style-default is-layout-flow wp-block-details-is-layout-flow\"><summary>3. Direttori di Sezione<\/summary>\n<p class=\"has-small-font-size\"><strong>Amministratore Delegato<\/strong><br><em>Provincia di Palermo<br><\/em>Dott. G. <strong>Fiolo<br><\/strong>Direttore della Sezione di Palermo<br><br><strong>Amministratore Delegato<br><\/strong>Dott. A. <strong>Bellafiore<\/strong><br>Amministratore delegato del personale<br><br><strong>Amministratore Delegato<br><\/strong>Dott.ssa S.&nbsp;<strong>Campanella<\/strong><br>Amministratore delegato all&#8217;area sviluppo e promozione<br><br><strong>Amministratore Delegato<\/strong><br><em>Provincia di Agrigento<\/em><strong><br><\/strong>Dott. C. <strong>Roccaro<\/strong><br>Direttore della Sezione di Agrigento<\/p>\n<\/details>\n\n\n\n<details class=\"wp-block-details is-style-default is-layout-flow wp-block-details-is-layout-flow\"><summary>4. Direttori delle Aree<\/summary>\n<p class=\"has-text-color has-link-color has-medium-font-size wp-elements-cca8b73d27e40b049e4e7daf9cd8d93b\" style=\"color:#00a38d\"><strong>Area Amministrativa\/Contabile<\/strong><\/p>\n\n\n\n<p class=\"has-small-font-size\"><strong>Direttore Amministrativo<\/strong><br><em>Sezione di Palermo<br><\/em>Dott. G. <strong>Fiolo<\/strong><br><br><strong>Direttore Amministrativo<\/strong><br><em>Sezione di Agrigento<br><\/em>Dott. C. <strong>Roccaro<\/strong><br><\/p>\n\n\n\n<p class=\"has-text-color has-link-color has-medium-font-size wp-elements-11303e04822ba8520ace649098cb0e4b\" style=\"color:#00a38d\"><strong>Area Riabilitativa\/Sanitaria<\/strong><\/p>\n\n\n\n<p class=\"has-small-font-size\"><strong>Direttore Sanitario<\/strong><br><em>Sezione di Palermo<\/em><br>Dott.ssa S. <strong>Conte<\/strong><br><br><strong>Direttore Sanitario<\/strong><br><em>Sezione di Agrigento<\/em><br>Dott.ssa M.L. <strong>Rizza<\/strong><\/p>\n<\/details>\n\n\n\n<details class=\"wp-block-details is-style-default is-layout-flow wp-block-details-is-layout-flow\"><summary>5. Coordinatori\/Responsabili<\/summary>\n<p class=\"has-text-color has-link-color has-medium-font-size wp-elements-82e70ceb996df39585fbb5eaf09fd3b5\" style=\"color:#00a38d\"><strong>Area Risorse Umane<\/strong><\/p>\n\n\n\n<p class=\"has-small-font-size\"><strong>Coordinatore Unit\u00e0 Operativa Risorse Umane<\/strong><br><em>Sezione di Palermo<br><\/em>Dott.ssa V. <strong>Franzone<\/strong><br><br><strong>Coordinatore Unit\u00e0 Operativa Risorse Umane<\/strong><br><em>Sezione di Agrigento<br><\/em>Dott. G. <strong>Landro<\/strong><\/p>\n\n\n\n<p class=\"has-text-color has-link-color has-medium-font-size wp-elements-cbc20f1f388adf5cbc03794a80909e5d\" style=\"color:#00a38d\"><strong><strong>Area Amministrativa\/Contabile<\/strong><\/strong><\/p>\n\n\n\n<p class=\"has-small-font-size\"><strong>Responsabile Accettazione<\/strong><br><em>Sezione di Palermo<br><\/em>Dottoresse: S. <strong>Campanella<\/strong>, A. <strong>Musso<\/strong><br><br><strong>Responsabile Accettazione<\/strong><br><em>Sezione di Agrigento<br><\/em>Dottoresse: G. <strong>Riggio<\/strong>, N. <strong>Severino<\/strong><br><\/p>\n\n\n\n<p class=\"has-text-color has-link-color has-medium-font-size wp-elements-8bb9410824e734f620ff58a1f225919d\" style=\"color:#00a38d\"><strong><strong>Area Riabilitativa\/Sanitaria<\/strong><\/strong><\/p>\n\n\n\n<p class=\"has-small-font-size\"><strong>Fisioterapisti Coordinatori<\/strong><br><em>Sezione di Palermo<br><\/em>Dottori: T.&nbsp;<strong>Alleri<\/strong>,&nbsp;C. <strong>Macaluso<\/strong>, R.&nbsp;<strong>Piazza <\/strong>(f.f.), G.&nbsp;<strong>Russo Alesi<\/strong><br><br><strong>Fisioterapisti Coordinatori<\/strong><br><em>Sezione di Agrigento<br><\/em>Dott. F. <strong>Roccaro<\/strong><\/p>\n\n\n\n<p class=\"has-text-color has-link-color has-medium-font-size wp-elements-59e3f434b45b08722b95eaaa2e1c9afe\" style=\"color:#00a38d\"><strong>Area Socio\/Assistenziale<\/strong><\/p>\n\n\n\n<p class=\"has-small-font-size\"><strong>Assistente Sociale Coordinatore<\/strong><br><em>Sezione di Palermo<br><\/em>Dott.ssa S. <strong>Campanella<\/strong><br><br><strong>Assistente Sociale Coordinatore<\/strong><br><em>Sezione di Agrigento<br><\/em>Dott.ssa G. <strong>Riggio<\/strong><\/p>\n\n\n\n<p class=\"has-text-color has-link-color has-medium-font-size wp-elements-c28a232892d7b9ea5b1f045f57b7edbd\" style=\"color:#00a38d\"><strong>Ufficio Gare e Progettazione<\/strong><\/p>\n\n\n\n<p class=\"has-small-font-size\"><strong>Responsabile Progettazione<\/strong><br>Dott. G. <strong>Landro<\/strong><\/p>\n\n\n\n<p class=\"has-text-color has-link-color has-medium-font-size wp-elements-9b720b3bcd389f56b9d80a763e3e719e\" style=\"color:#00a38d\"><strong>Ufficio Formazione<\/strong><\/p>\n\n\n\n<p class=\"has-small-font-size\"><strong>Responsabile Formazione Aziendale<\/strong><br>Dott.ssa C. <strong>Rigat<\/strong><br><br><strong>Responsabile Formazione Continua delle Assistenti Sociali<\/strong><br>Dott.ssa S. <strong>Campanella<\/strong><\/p>\n<\/details>\n\n\n\n<details class=\"wp-block-details is-layout-flow wp-block-details-is-layout-flow\"><summary>6. Collaboratori<\/summary>\n<div class=\"wp-block-group has-global-padding is-layout-constrained wp-block-group-is-layout-constrained\">\n<p class=\"has-text-color has-link-color has-medium-font-size wp-elements-82e70ceb996df39585fbb5eaf09fd3b5\" style=\"color:#00a38d\"><strong>Area Risorse Umane<\/strong><\/p>\n\n\n\n<p class=\"has-small-font-size\"><strong>Collaboratore Risorse Umane Sezione di Palermo<\/strong><br>Dott.ssa R. <strong>Geremia<\/strong>, Dott. A.&nbsp;<strong>Di Betta<\/strong><br><br><strong>Collaboratore Risorse Umane Sezione di Agrigento<\/strong><br>Dott.ssa M.G. <strong>Miccich\u00e8<\/strong><\/p>\n\n\n\n<p class=\"has-text-color has-link-color has-medium-font-size wp-elements-cbc20f1f388adf5cbc03794a80909e5d\" style=\"color:#00a38d\"><strong><strong>Area Amministrativa\/Contabile<\/strong><\/strong><\/p>\n\n\n\n<p class=\"has-small-font-size\"><strong>Collaboratore Amministrativo<\/strong><br><em>Sezione di Palermo<\/em><br>Dott.ssa R. <strong>Geremia<\/strong>, L. <strong>Motisi<\/strong><br><br><strong>Collaboratore Amministrativo<\/strong><br><em>Sezione di Agrigento<\/em><br>Dottori: M.G. <strong>Miccich\u00e8<\/strong>, G. <strong>Landro<\/strong>, C. <strong>Rigat<\/strong><br><br><strong>Impiegato Amministrativo \u2022 Comunicazione\/Marketing<\/strong><br>Dott. A.&nbsp;<strong>Di Betta<\/strong><\/p>\n\n\n\n<p class=\"has-text-color has-link-color has-medium-font-size wp-elements-8bb9410824e734f620ff58a1f225919d\" style=\"color:#00a38d\"><strong><strong>Area Riabilitativa\/Sanitaria<\/strong><\/strong><\/p>\n<\/div>\n\n\n\n<p class=\"has-small-font-size\"><strong>Assistenti Sociali<\/strong><br><em>Sezione di Palermo<\/em><br>Dottoresse: S. <strong>Campanella<\/strong>, M.C. <strong>Casisa<\/strong>, C.M. <strong>Mendola<\/strong>, A. <strong>Musso<\/strong><br><br><strong>Assistenti Sociali<\/strong><br><em>Sezione di Agrigento<br><\/em>Dottoresse: G. <strong>Riggio<\/strong>, N.&nbsp;<strong>Severino<\/strong><br><br><strong>Medico Specialista Responsabile<\/strong><br><em>Sezione di Palermo<\/em><br>Dott. G. <strong>Raspanti<\/strong>, Dott.ssa M.L. <strong>Rizza<\/strong><br><br><strong>Medico Specialista Responsabile<\/strong><br><em>Sezione di Agrigento<\/em><br>Dott.ssa M. <strong>Monte<\/strong><\/p>\n\n\n\n<p class=\"has-small-font-size\"><strong>Psicologo<\/strong><br><em>Sezione di Palermo<\/em><br>Dottoresse: N.R.M.&nbsp;<strong>Porsio<\/strong>, G. <strong>Cristodaro<\/strong><\/p>\n\n\n\n<p class=\"has-small-font-size\"><strong>Psicologo<\/strong><br><em>Sezione di Agrigento<\/em><strong><br><\/strong>Dott.ssa M. F. <strong>Gennaro<\/strong><\/p>\n\n\n\n<p class=\"has-small-font-size\"><strong>Fisioterapista<\/strong><br><em>Sezione di Palermo<\/em><br>Dottori: C.\u00a0<strong>Arcoleo<\/strong>, M.\u00a0<strong>Artino Innaria<\/strong>, S.\u00a0<strong>Bonomo<\/strong>, E.\u00a0<strong>Caruso<\/strong>, B.\u00a0<strong>Di Sclafani<\/strong>, F.\u00a0<strong>Gambino<\/strong>, F.\u00a0<strong>La Bella<\/strong>, F.\u00a0<strong>Librizzi<\/strong>, G. <strong>Lombardo<\/strong>, L.\u00a0<strong>Manzone<\/strong>, A.\u00a0<strong>Pizzati<\/strong>, D.\u00a0<strong>Placa<\/strong>, V. <strong>Schillizzi<\/strong>, F.\u00a0<strong>Sottile<\/strong>, V. <strong>Tarantino<\/strong>, A. <strong>Tola<\/strong>, A. <strong>Viani<\/strong><\/p>\n\n\n\n<p class=\"has-small-font-size\"><strong>Fisioterapista<\/strong><br><em>Sezione di Agrigento<\/em><br>Dottori: L.&nbsp;<strong>D&#8217;Antoni<\/strong>, G.&nbsp;<strong>Messina<\/strong>, E.&nbsp;<strong>Miccich\u00e8<\/strong>, M. <strong>Mohamed<\/strong>, A.&nbsp;<strong>Nicosia<\/strong>, N. <strong>Nigro<\/strong>, D. <strong>Urso<\/strong><\/p>\n\n\n\n<p class=\"has-small-font-size\"><strong>Logopedisti<\/strong><br><em>Sezione di Palermo<\/em><br>Dottoresse: E. <strong>Picciotto<\/strong>, F.&nbsp;<strong>Vallone<\/strong><\/p>\n\n\n\n<p class=\"has-small-font-size\"><strong>Logopedista<\/strong><br><em>Sezione di Agrigento<\/em><br>Dottoresse: R.&nbsp;<strong>Cavaleri<\/strong>, S.&nbsp;<strong>Mantione<\/strong><\/p>\n\n\n\n<p class=\"has-small-font-size\"><strong>Terapista della Riabilitazione della Neuropsicomotricit\u00e0 dell&#8217;Et\u00e0 Evolutiva<\/strong><br>Dott.ssa A. <strong>Bencivinni<\/strong><\/p>\n\n\n\n<p class=\"has-text-color has-link-color wp-elements-3d976144de2d3d8ecce2e568ce3441fd\" style=\"color:#00a38d\"><strong><strong>Area Socio\/Assistenziale<\/strong><\/strong><\/p>\n\n\n\n<p class=\"has-small-font-size\"><strong>Assistenti Sociali<br><\/strong>Dott.ssa C. M. <strong>Mendola<\/strong><br><br><strong>Psicologa<\/strong><br>Dott.ssa N.R.M.\u00a0<strong>Porsio<\/strong><br><br><strong>Educatrici Professionali<br><\/strong>Dottoresse: S.\u00a0<strong>Clemente<\/strong>, M. <strong>Lo Russo<\/strong>, V.R.\u00a0<strong>Pizzo<\/strong>, D.\u00a0<strong>Rizzo<\/strong>, S.\u00a0<strong>Vitellaro<\/strong><br><br><strong>Tecnico ABA<br><\/strong>Dottoressa: D.\u00a0<strong>Randazzo<\/strong><br><br><strong>Coadiutore nella Terapia Assistita con Animali<br><\/strong>P.\u00a0<strong>Gentile<\/strong><\/p>\n\n\n\n<p class=\"has-small-font-size\"><strong>OSA\/OSS<\/strong><br>M.\u00a0<strong>Angelica<\/strong>, V.\u00a0<strong>Brucato<\/strong>, M.C.\u00a0<strong>Camarretta<\/strong>, E.\u00a0<strong>Candia<\/strong>, M.\u00a0<strong>Catalano<\/strong>, V.\u00a0<strong>Catanzaro<\/strong>, V.\u00a0<strong>Contino<\/strong>,\u00a0A. <strong>Cusimano<\/strong>, C.\u00a0<strong>Di Emmanuele<\/strong>, A.\u00a0<strong>Dolce<\/strong>, A.\u00a0<strong>Fazio<\/strong>, G.\u00a0<strong>Ferrigno<\/strong>, E.\u00a0<strong>Ficara<\/strong>, F.\u00a0<strong>Firetto<\/strong>, C.\u00a0<strong>Galati<\/strong>, R.\u00a0<strong>Guadagnano<\/strong>, C. <strong>Iac\u00f2<\/strong>, S.\u00a0<strong>Li Ranzi<\/strong>, V.\u00a0<strong>Mollo<\/strong>, G.M. <strong>Paganello<\/strong>, M.C.\u00a0<strong>Pisa<\/strong>, F.\u00a0<strong>Rinaldi<\/strong>, F.\u00a0<strong>Rinella<\/strong>, G.\u00a0<strong>Romano<\/strong>, L.\u00a0<strong>Romano<\/strong>, S.\u00a0<strong>Salvato<\/strong>, A.\u00a0<strong>Scalici<\/strong>, E.\u00a0<strong>Scimeca<\/strong>, I.\u00a0<strong>Scaduto<\/strong>, D.\u00a0<strong>Scaglione<\/strong>, R.\u00a0<strong>Segreto<\/strong>, D.\u00a0<strong>Tarantino<\/strong>, C.\u00a0<strong>Tartamella<\/strong>, A.\u00a0<strong>Trapani<\/strong>, V.\u00a0<strong>Trupiano<\/strong><br><br><strong>Operatori Ausiliari<\/strong><br>G.\u00a0<strong>Di Giorgio<\/strong>, D. F.\u00a0<strong>Guglielmaggio,\u00a0<\/strong>T. <strong>Guard\u00ec<\/strong><\/p>\n<\/details>\n","protected":false},"excerpt":{"rendered":"<p>L&#8217;organigramma \u00e8 la rappresentazione di una struttura organizzativa e pi\u00f9 in dettaglio, \u00e8 lo strumento principale che ha a disposizione la Cooperativa per&nbsp; descrivere l\u2019insieme delle principali relazioni che le legano tra loro i diversi livelli operativi. Anche se la comprensione delle modalit\u00e0 di funzionamento di un\u2019organizzazione non pu\u00f2 esaurirsi nella lettura dell\u2019organigramma, lo stesso [&hellip;]<\/p>\n","protected":false},"author":1,"featured_media":0,"parent":0,"menu_order":0,"comment_status":"closed","ping_status":"closed","template":"","meta":{"footnotes":""},"class_list":["post-951","page","type-page","status-publish","hentry"],"_links":{"self":[{"href":"https:\/\/capponline.net\/w\/wp-json\/wp\/v2\/pages\/951","targetHints":{"allow":["GET"]}}],"collection":[{"href":"https:\/\/capponline.net\/w\/wp-json\/wp\/v2\/pages"}],"about":[{"href":"https:\/\/capponline.net\/w\/wp-json\/wp\/v2\/types\/page"}],"author":[{"embeddable":true,"href":"https:\/\/capponline.net\/w\/wp-json\/wp\/v2\/users\/1"}],"replies":[{"embeddable":true,"href":"https:\/\/capponline.net\/w\/wp-json\/wp\/v2\/comments?post=951"}],"version-history":[{"count":17,"href":"https:\/\/capponline.net\/w\/wp-json\/wp\/v2\/pages\/951\/revisions"}],"predecessor-version":[{"id":1210,"href":"https:\/\/capponline.net\/w\/wp-json\/wp\/v2\/pages\/951\/revisions\/1210"}],"wp:attachment":[{"href":"https:\/\/capponline.net\/w\/wp-json\/wp\/v2\/media?parent=951"}],"curies":[{"name":"wp","href":"https:\/\/api.w.org\/{rel}","templated":true}]}}